{"id":919,"date":"2021-11-18T19:42:38","date_gmt":"2021-11-18T19:42:38","guid":{"rendered":"https:\/\/xaviernogues.org\/?page_id=919"},"modified":"2025-03-13T10:57:11","modified_gmt":"2025-03-13T10:57:11","slug":"bibliografia-basica","status":"publish","type":"page","link":"https:\/\/xaviernogues.org\/en\/bibliografia-basica","title":{"rendered":"BASIC BIBLIOGRAPHY"},"content":{"rendered":"<div class=\"wpb-content-wrapper\"><div data-parent=\"true\" class=\"vc_row has-bg need-focus style-color-wayh-bg row-container\" id=\"row-unique-0\"><div class=\"row-background background-element\">\n\t\t\t\t\t\t\t\t\t\t\t<div class=\"background-wrapper\">\n\t\t\t\t\t\t\t\t\t\t\t\t<div class=\"background-inner\" style=\"background-image: url(https:\/\/xaviernogues.org\/wp-content\/uploads\/2019\/12\/fondo7_xaviernogues_1.jpg);background-repeat: no-repeat;background-position: center center;background-attachment: scroll;background-size: cover;\"><\/div>\n\t\t\t\t\t\t\t\t\t\t\t\t<div class=\"block-bg-overlay style-color-wayh-bg\" style=\"opacity: 0.39;\"><\/div>\n\t\t\t\t\t\t\t\t\t\t\t<\/div>\n\t\t\t\t\t\t\t\t\t\t<\/div><div class=\"row limit-width row-parent\" data-height-ratio=\"50\"><div class=\"wpb_row row-inner\"><div class=\"wpb_column pos-top pos-center align_left column_parent col-lg-12 single-internal-gutter\"><div class=\"uncol style-light\"  ><div class=\"uncoltable\" style=\"min-height: 340px;\"><div class=\"uncell no-block-padding\" ><div class=\"uncont\" ><\/div><\/div><\/div><\/div><\/div><script id=\"script-row-unique-0\" data-row=\"script-row-unique-0\" type=\"text\/javascript\" class=\"vc_controls\">UNCODE.initRow(document.getElementById(\"row-unique-0\"));<\/script><\/div><\/div><\/div><div data-parent=\"true\" class=\"vc_row row-container\" id=\"row-unique-1\"><div class=\"row single-top-padding double-bottom-padding no-h-padding limit-width row-parent\"><div class=\"wpb_row row-inner\"><div class=\"wpb_column pos-top pos-center align_left column_parent col-lg-12 single-internal-gutter\"><div class=\"uncol style-light shift_y_neg_quad shift_y_fixed\"  ><div class=\"uncoltable\"><div class=\"uncell double-block-padding style-color-xsdn-bg has-bg\" ><div class=\"uncont\" ><div class=\"vc_custom_heading_wrap\"><div class=\"heading-text el-text\" ><\/p>\n<h1>Basic Bibliography<\/h1>\n<p>\n<hr class=\"separator-break\" \/><\/div><div class=\"clear\"><\/div><\/div><div class=\"uncode_text_column\" ><p>AYUNTAMIENTO DE BARCELONA. 1967.<em> Exposici\u00f3n Xavier Nogu\u00e9s. Barcelona 1873-1941.\u00a0Cat\u00e1logo<\/em><em>.<\/em> Museos de Arte. Barcelona.<\/p>\n<p>AYUNTAMIENTO DE BARCELONA<em>, 1972. Exposici\u00f3n Legado Isabel Escalada, vda. Xavier Nogu\u00e9s. Cat\u00e1logo<\/em>. Museos de Arte. Barcelona.<\/p>\n<p>AJUNTAMENT DE BARCELONA. 1984.<em> Xavier Nogu\u00e9s. Pintures murals procedents del Celler de les Galeries Laietanes.<\/em>\u00a0Museu d\u2019Art Modern.<\/p>\n<p>AINAUD, Joan, 1947.\u00a0<em>Xavier Nogu\u00e9s com a dibuixant i gravador<\/em>. Barcelona: Ariel. N\u00fam. 13. Novembre. P 105-107.<\/p>\n<p>AINAUD DE LASARTE, J.M. i VIDAL MAYNOU, Cec\u00edlia, 1976.\u00a0<em>Exposici\u00f3n Nogu\u00e9s<\/em>. Barcelona: Instituto Nacional del Libro Espa\u00f1ol.<\/p>\n<p>BENET, Rafael, 1949. Xavier <em>Nogu\u00e9s caricaturista i pintor.<\/em> Barcelona: Ediciones Omega.<\/p>\n<p>CADENA, Josep M., 1970. \u00abGentes de pluma i l\u00e1piz. Xavier Nogu\u00e9s\u00bb. A: <em>Diario de Barcelona<\/em>. Barcelona: 8 de febrer.<\/p>\n<p>CADENA, Josep M., 1973. \u00abCentenario de Xavier Nogu\u00e9s\u00bb. A: <em>Documentos del Diario de Barcelona<\/em>. (Suplemento). N\u00fam. 43. Barcelona: 18 de febrer.<\/p>\n<p>CADENA, Josep M., 1973. \u00abUnos dibujos poco conocidos de Xavier Nogu\u00e9s\u00bb. A: <em>Diario de Barcelona<\/em>. Barcelona: 26 d\u2019agost.<\/p>\n<p>D\u2019ORS, Eugenio, 1924. \u00abMi Sal\u00f3n de Oto\u00f1o\u00bb. A: <em>Revista de Occidente<\/em>. Primera s\u00e8rie. Suplement. N\u00fam. 1. Madrid.<\/p>\n<p>ESPRIU, Salvador, 1982. <em>Xavier Nogu\u00e9s i la seva circumst\u00e0ncia.<\/em>. Barcelona: Edicions 62.<\/p>\n<p>FONTBONA, Francesc, 1973. \u00abXavier Nogu\u00e9s, puente i s\u00edntesis\u00bb. Barcelona: <em>Destino<\/em>. N\u00fam. 1862. N\u00famero extraordinari dedicat al centenari del naixement de l\u2019artista. 9 de juny.<\/p>\n<p>FONTBONA, Francesc, 1975. <em>La crisi del Modernisme art\u00edstic<\/em>. Barcelona: Curial, Edicions Catalanes. Biblioteca de Cultura Catalana. N\u00fam. 17.<\/p>\n<p>FONTBONA, Francesc y MIRALLES, Francesc, 1985. \u00abDel Modernisme al Noucentisme, 1888- 1917\u00bb. Barcelona: Edicions 62. Col\u00b7lecci\u00f3 Hist\u00f2ria de l\u2019Art Catal\u00e0. Vol. VII.<\/p>\n<p>MIRALLES, Francesc, 1983. \u00abL\u2019\u00e8poca de les Avantguardes, 1917-1970\u00bb. Barcelona: Edicions 62. \u00a0Col\u00b7lecci\u00f3 Hist\u00f2ria de l\u2019Art Catal\u00e0. Vol. VIII.<\/p>\n<p>PLA, Jaume, 1960. <em>Els gravats de Xavier Nogu\u00e9s<\/em>. Barcelona: Edicions de la Rosa Vera.<\/p>\n<p>PLA, Josep. \u00abXavier Nogu\u00e9s\u00bb<em>. <\/em>A:<em> Homenots.<\/em> Barcelona: Edicions Destino. Tercera s\u00e8rie. Vol. XXI.<\/p>\n<p>PUJOLS, Francesc, c. 1924. \u00abXavier Nogu\u00e9s\u00bb. Barcelona: <em>Publicacions d&#8217;Art La Revista<\/em>. Vol. III.<\/p>\n<p>PUJOLS, Fco. de A., MARS\u00c0, Angel y SABAT\u00c9, Antonio, 2004. <em>Xavier Nogu\u00e9s, pintor del \u00a0\u00a0\u00a0\u00a0\u00a0\u00a0\u00a0\u00a0\u00a0\u00a0vino.\u00a0<\/em>Ediciones de la revista <em>Dyonysos<\/em> II. 1954 (hi ha edici\u00f3 facs\u00edmil. 2004. Editorial Vinseum. Amb suport de la Fundaci\u00f3 Xavier Nogu\u00e9s).<\/p>\n<p>SACS, Joan. (Pseud\u00f2nim de Feliu Elias), c. 1925. <em>Xavier Nogu\u00e9s<\/em>. Barcelona: Llibreria Catal\u00f2nia. Quaderns Blaus. Col\u00b7lecci\u00f3 La Nostra Gent.<\/p>\n<p>TEIXIDOR, Joan, 1945. \u00abNotas para un inventario de la obra de Xavier Nogu\u00e9s\u00bb. Barcelona: <em>Anales y Bolet\u00edn de los Museos de Arte de Barcelona<\/em>. Vol. III. N\u00fam. 1. Gener.<\/p>\n<p>VIDAL, Cec\u00edlia, 1973. \u00abXavier Nogu\u00e9s i Casas. S\u00edntesis Biogr\u00e1fica\u00bb. Barcelona: <em>Destino<\/em>. N\u00fam. 1862. N\u00famero extraordinari dedicat al centenari del naixement de l\u2019artista. 9 de juny.<\/p>\n<p>\u20141979. \u00abLitografies de Xavier Nogu\u00e9s\u00bb. Barcelona. Edici\u00f3 estampada al Conservatori de les Arts del Llibre.<\/p>\n<p>\u20141989. <em>Xavier Nogu\u00e9s i els vidres esmaltats al foc<\/em>. Tesi doctoral. Barcelona: Universitat de Barcelona.<\/p>\n<p>\u20141990. \u00abXavier Nogu\u00e9s, gravador\u00bb. Encamp Andorra: Edicions del Centre de gravat. Col\u00b7lecci\u00f3 Gravats i Gravadors. Vol. 1. Com\u00fa d&#8217;Encamp Andorra.<\/p>\n<p>\u20142010. <em>Xavier Nogu\u00e9s (1873-1941<\/em>). Barcelona: Editorial \u00c0mbit i Fundaci\u00f3 Xavier Nogu\u00e9s. \u00a0Amb col\u00b7laboracions de Joan Ainaud de Lasarte, Josep M. Cadena, Francesc Fontbona, Joan-Francesc Ainaud, Oriol Bohigas i Ricard Pedreira.<\/p>\n<p>\u20142012. \u00abXavier Nogu\u00e9s a les col\u00b7leccions del Museu\u00bb. Vilanova i la Geltr\u00fa. Cat\u00e0leg de l&#8217;exposici\u00f3 celebrada al Museu V\u00edctor Balaguer del 17 de novembre de 2011 al 4 de mar\u00e7 de 2012. Biblioteca V\u00edctor Balaguer.<\/p>\n<p>\u20142012. <em>De la creaci\u00f3 d&#8217;\u00abEl giravolt de maig\u00bb a \u00abSis figurins sis\u00bb.<\/em> Per un giravolt de maig. Vilanova i la Geltr\u00fa: Associaci\u00f3 d&#8217;Amics de la Biblioteca Balaguer-Fundaci\u00f3 Xavier Nogu\u00e9s. Gr\u00e0fiques El campanar.<\/p>\n<p>\u20142015. <em>Els murals del despatx noble de l&#8217;alcaldia de Barcelona<\/em>. Barcelona: Editorial Base. Pintura Hist\u00f2rica Catalana. Art i Mem\u00f2ria. Edici\u00f3 limitada a 890 exemplars i 6 proves d&#8217;editor (P.E.) numerades de l&#8217;I al VI.<\/p>\n<\/div><\/div><\/div><\/div><\/div><\/div><script id=\"script-row-unique-1\" data-row=\"script-row-unique-1\" type=\"text\/javascript\" class=\"vc_controls\">UNCODE.initRow(document.getElementById(\"row-unique-1\"));<\/script><\/div><\/div><\/div>\n<\/div>","protected":false},"excerpt":{"rendered":"Bibliografia b\u00e0sica AYUNTAMIENTO DE BARCELONA. 1967. Exposici\u00f3n Xavier Nogu\u00e9s. Barcelona 1873-1941.\u00a0Cat\u00e1logo. Museos de Arte. Barcelona. AYUNTAMIENTO DE BARCELONA, 1972. Exposici\u00f3n [...]","protected":false},"author":1,"featured_media":0,"parent":0,"menu_order":0,"comment_status":"closed","ping_status":"closed","template":"","meta":{"footnotes":""},"class_list":["post-919","page","type-page","status-publish","hentry"],"_links":{"self":[{"href":"https:\/\/xaviernogues.org\/en\/wp-json\/wp\/v2\/pages\/919","targetHints":{"allow":["GET"]}}],"collection":[{"href":"https:\/\/xaviernogues.org\/en\/wp-json\/wp\/v2\/pages"}],"about":[{"href":"https:\/\/xaviernogues.org\/en\/wp-json\/wp\/v2\/types\/page"}],"author":[{"embeddable":true,"href":"https:\/\/xaviernogues.org\/en\/wp-json\/wp\/v2\/users\/1"}],"replies":[{"embeddable":true,"href":"https:\/\/xaviernogues.org\/en\/wp-json\/wp\/v2\/comments?post=919"}],"version-history":[{"count":3,"href":"https:\/\/xaviernogues.org\/en\/wp-json\/wp\/v2\/pages\/919\/revisions"}],"predecessor-version":[{"id":1037,"href":"https:\/\/xaviernogues.org\/en\/wp-json\/wp\/v2\/pages\/919\/revisions\/1037"}],"wp:attachment":[{"href":"https:\/\/xaviernogues.org\/en\/wp-json\/wp\/v2\/media?parent=919"}],"curies":[{"name":"wp","href":"https:\/\/api.w.org\/{rel}","templated":true}]}}