{"id":89,"date":"2019-12-17T12:07:44","date_gmt":"2019-12-17T12:07:44","guid":{"rendered":"https:\/\/xaviernogues.org\/?page_id=89"},"modified":"2025-03-13T10:58:47","modified_gmt":"2025-03-13T10:58:47","slug":"monografies","status":"publish","type":"page","link":"https:\/\/xaviernogues.org\/en\/monografies","title":{"rendered":"MONOGRAPHIES"},"content":{"rendered":"<div class=\"wpb-content-wrapper\"><div data-parent=\"true\" class=\"vc_row row-container\" id=\"row-unique-0\"><div class=\"row limit-width row-parent\"><div class=\"wpb_row row-inner\"><div class=\"wpb_column pos-top pos-center align_center column_parent col-lg-12 single-internal-gutter\"><div class=\"uncol style-light\"  ><div class=\"uncoltable\"><div class=\"uncell no-block-padding\" ><div class=\"uncont\" ><div class=\"vc_custom_heading_wrap\"><div class=\"heading-text el-text\" ><\/p>\n<h1>Monographies<\/h1>\n<p>\n<hr class=\"separator-break\" \/><\/div><div class=\"clear\"><\/div><\/div><\/div><\/div><\/div><\/div><\/div><script id=\"script-row-unique-0\" data-row=\"script-row-unique-0\" type=\"text\/javascript\" class=\"vc_controls\">UNCODE.initRow(document.getElementById(\"row-unique-0\"));<\/script><\/div><\/div><\/div><div data-parent=\"true\" class=\"vc_row inverted-device-order row-container\" id=\"row-unique-1\"><div class=\"row unequal col-double-gutter quad-top-padding one-bottom-padding single-h-padding limit-width row-parent\"><div class=\"wpb_row row-inner\"><div class=\"wpb_column pos-middle pos-center align_center column_parent col-lg-4 single-internal-gutter\"><div class=\"uncol style-light\"  ><div class=\"uncoltable\"><div class=\"uncell no-block-padding\" ><div class=\"uncont\" ><div class=\"uncode-single-media  text-center\"><div class=\"single-wrapper\" style=\"max-width: 75%;\"><div class=\"tmb tmb-light  tmb-shadowed tmb-shadowed-std tmb-media-first tmb-media-last tmb-content-overlay tmb-no-bg\"><div class=\"t-inside\"><div class=\"t-entry-visual\"><div class=\"t-entry-visual-tc\"><div class=\"uncode-single-media-wrapper\"><img decoding=\"async\" class=\"wp-image-290\" src=\"https:\/\/xaviernogues.org\/wp-content\/uploads\/2019\/12\/xaviernogues_llibre_cecilia.jpg\" width=\"500\" height=\"643\" alt=\"\" srcset=\"https:\/\/xaviernogues.org\/wp-content\/uploads\/2019\/12\/xaviernogues_llibre_cecilia.jpg 500w, https:\/\/xaviernogues.org\/wp-content\/uploads\/2019\/12\/xaviernogues_llibre_cecilia-233x300.jpg 233w\" sizes=\"(max-width: 500px) 100vw, 500px\" \/><\/div>\n\t\t\t\t\t<\/div>\n\t\t\t\t<\/div><\/div><\/div><\/div><\/div><div class=\"vc_custom_heading_wrap\"><div class=\"heading-text el-text\" ><h5 class=\"\" ><span>VIDAL, Cec\u00edlia.\u00a0<em>Xavier Nogu\u00e9s (1873-1941),<\/em><br \/><\/span><span>Fundaci\u00f3 Xavier Nogu\u00e9s. \u00c0mbit, Barcelona, 2010<\/span><\/h5><div><p>Cec\u00edlia Vidal, an expert on Xavier Nogu\u00e9s, gives us her perspective of the artist.\nWith texts by Joan Ainaud de Lasarte, Josep M. Cadena, Francesc Fontbona,\nJoan-Francesc Ainaud, Oriol Bohigas and Ricard Pedreira.<\/p>\n<\/div><\/div><div class=\"clear\"><\/div><\/div><\/div><\/div><\/div><\/div><\/div><div class=\"wpb_column pos-top pos-center align_center column_parent col-lg-4 single-internal-gutter\"><div class=\"uncol style-light\"  ><div class=\"uncoltable\"><div class=\"uncell no-block-padding\" ><div class=\"uncont\" ><div class=\"uncode-single-media  text-center\"><div class=\"single-wrapper\" style=\"max-width: 76%;\"><div class=\"tmb tmb-light  tmb-shadowed tmb-shadowed-std tmb-media-first tmb-media-last tmb-content-overlay tmb-no-bg\"><div class=\"t-inside\"><div class=\"t-entry-visual\"><div class=\"t-entry-visual-tc\"><div class=\"uncode-single-media-wrapper\"><img decoding=\"async\" class=\"wp-image-318\" src=\"https:\/\/xaviernogues.org\/wp-content\/uploads\/2019\/12\/xaviernogues_llibre_8.jpg\" width=\"396\" height=\"500\" alt=\"\" srcset=\"https:\/\/xaviernogues.org\/wp-content\/uploads\/2019\/12\/xaviernogues_llibre_8.jpg 396w, https:\/\/xaviernogues.org\/wp-content\/uploads\/2019\/12\/xaviernogues_llibre_8-238x300.jpg 238w\" sizes=\"(max-width: 396px) 100vw, 396px\" \/><\/div>\n\t\t\t\t\t<\/div>\n\t\t\t\t<\/div><\/div><\/div><\/div><\/div><div class=\"vc_custom_heading_wrap\"><div class=\"heading-text el-text\" ><h5 class=\"\" ><span>BENET, Rafael.<em> Xavier Nogu\u00e9s, caricaturista y pintor<\/em><br \/><\/span><span>Ediciones Omega, Barcelona, 1949<\/span><\/h5><div><p>Rafel Benet, art historian and painter, gives us his view from his personal knowledge of Nogu\u00e9s and provides a first general catalogue of his work.<\/p>\n<\/div><\/div><div class=\"clear\"><\/div><\/div><\/div><\/div><\/div><\/div><\/div><div class=\"wpb_column pos-top pos-center align_center column_parent col-lg-4 single-internal-gutter\"><div class=\"uncol style-light\"  ><div class=\"uncoltable\"><div class=\"uncell no-block-padding\" ><div class=\"uncont\" ><div class=\"uncode-single-media  text-center\"><div class=\"single-wrapper\" style=\"max-width: 80%;\"><div class=\"tmb tmb-light  tmb-shadowed tmb-shadowed-std tmb-media-first tmb-media-last tmb-content-overlay tmb-no-bg\"><div class=\"t-inside\"><div class=\"t-entry-visual\"><div class=\"t-entry-visual-tc\"><div class=\"uncode-single-media-wrapper\"><img decoding=\"async\" class=\"wp-image-319\" src=\"https:\/\/xaviernogues.org\/wp-content\/uploads\/2019\/12\/xaviernogues_llibre_7-1.jpg\" width=\"419\" height=\"500\" alt=\"\" srcset=\"https:\/\/xaviernogues.org\/wp-content\/uploads\/2019\/12\/xaviernogues_llibre_7-1.jpg 419w, https:\/\/xaviernogues.org\/wp-content\/uploads\/2019\/12\/xaviernogues_llibre_7-1-251x300.jpg 251w\" sizes=\"(max-width: 419px) 100vw, 419px\" \/><\/div>\n\t\t\t\t\t<\/div>\n\t\t\t\t<\/div><\/div><\/div><\/div><\/div><div class=\"vc_custom_heading_wrap\"><div class=\"heading-text el-text\" ><h5 class=\"\" ><span>ESPRIU, Salvador. <em>Sobre Xavier Nogu\u00e9s i la seva\u00a0circumst\u00e0ncia,<\/em><br \/><\/span><span>Edicions 62, Barcelona, 1982<\/span><\/h5><div><p>The poet Salvador Espriu gives a personal synthesis of Xavier Nogu\u00e9s.<\/p>\n<\/div><\/div><div class=\"clear\"><\/div><\/div><\/div><\/div><\/div><\/div><\/div><script id=\"script-row-unique-1\" data-row=\"script-row-unique-1\" type=\"text\/javascript\" class=\"vc_controls\">UNCODE.initRow(document.getElementById(\"row-unique-1\"));<\/script><\/div><\/div><\/div><div data-parent=\"true\" class=\"vc_row inverted-device-order row-container\" id=\"row-unique-2\"><div class=\"row unequal col-double-gutter quad-top-padding quad-bottom-padding exa-h-padding limit-width row-parent\"><div class=\"wpb_row row-inner\"><div class=\"wpb_column pos-top pos-center align_center column_parent col-lg-6 single-internal-gutter\"><div class=\"uncol style-light\"  ><div class=\"uncoltable\"><div class=\"uncell no-block-padding\" ><div class=\"uncont\" ><div class=\"uncode-single-media  text-center\"><div class=\"single-wrapper\" style=\"max-width: 75%;\"><div class=\"tmb tmb-light  tmb-shadowed tmb-shadowed-std tmb-media-first tmb-media-last tmb-content-overlay tmb-no-bg\"><div class=\"t-inside\"><div class=\"t-entry-visual\"><div class=\"t-entry-visual-tc\"><div class=\"uncode-single-media-wrapper\"><img decoding=\"async\" class=\"wp-image-512\" src=\"https:\/\/xaviernogues.org\/wp-content\/uploads\/2019\/12\/Pujols-llibre-X.-Nogu%C3%A9s.jpg\" width=\"385\" height=\"500\" alt=\"\"><\/div>\n\t\t\t\t\t<\/div>\n\t\t\t\t<\/div><\/div><\/div><\/div><\/div><div class=\"vc_custom_heading_wrap\"><div class=\"heading-text el-text\" ><h5 class=\"\" ><span>PUJOLS, Francesc.\u00a0<em>Xavier Nogu\u00e9s,<\/em><br \/><\/span><span>Publicacions d&#8217;art de la revista, vol. III, Barcelona s\/d (c. 1924)<\/span><\/h5><div><p>The philosopher and art critic offers his particular view of Nogu\u00e9s, with whom he collaborated for several publications.<\/p>\n<\/div><\/div><div class=\"clear\"><\/div><\/div><\/div><\/div><\/div><\/div><\/div><div class=\"wpb_column pos-top pos-center align_center column_parent col-lg-6 single-internal-gutter\"><div class=\"uncol style-light\"  ><div class=\"uncoltable\"><div class=\"uncell no-block-padding\" ><div class=\"uncont\" ><div class=\"uncode-single-media  text-center\"><div class=\"single-wrapper\" style=\"max-width: 81%;\"><div class=\"tmb tmb-light  tmb-shadowed tmb-shadowed-std tmb-media-first tmb-media-last tmb-content-overlay tmb-no-bg\"><div class=\"t-inside\"><div class=\"t-entry-visual\"><div class=\"t-entry-visual-tc\"><div class=\"uncode-single-media-wrapper\"><img decoding=\"async\" class=\"wp-image-320\" src=\"https:\/\/xaviernogues.org\/wp-content\/uploads\/2019\/12\/xaviernogues_llibre_2-1.jpg\" width=\"425\" height=\"500\" alt=\"\" srcset=\"https:\/\/xaviernogues.org\/wp-content\/uploads\/2019\/12\/xaviernogues_llibre_2-1.jpg 425w, https:\/\/xaviernogues.org\/wp-content\/uploads\/2019\/12\/xaviernogues_llibre_2-1-255x300.jpg 255w\" sizes=\"(max-width: 425px) 100vw, 425px\" \/><\/div>\n\t\t\t\t\t<\/div>\n\t\t\t\t<\/div><\/div><\/div><\/div><\/div><div class=\"vc_custom_heading_wrap\"><div class=\"heading-text el-text\" ><h5 class=\"\" ><span>&#8220;SACS, Joan&#8221; (pseud\u00f2nim de Feliu Elias).<em>\u00a0Xavier Nogu\u00e9s,<\/em><br \/><\/span><span>Quaderns blaus. La nostra gent. Llibreria Catal\u00f2nia. Barcelona, \nundated (c.1925)<\/span><\/h5><div><p>\"Joan Sacs\", writer, caricaturist and personal friend of the artist, wrote several monographs on artists, notably this one on Nogu\u00e9s.<\/p>\n<\/div><\/div><div class=\"clear\"><\/div><\/div><\/div><\/div><\/div><\/div><\/div><script id=\"script-row-unique-2\" data-row=\"script-row-unique-2\" type=\"text\/javascript\" class=\"vc_controls\">UNCODE.initRow(document.getElementById(\"row-unique-2\"));<\/script><\/div><\/div><\/div>\n<\/div>","protected":false},"excerpt":{"rendered":"Monografies VIDAL, Cec\u00edlia.\u00a0Xavier Nogu\u00e9s (1873-1941),Fundaci\u00f3 Xavier Nogu\u00e9s, \u00c0mbit, Barcelona 2010Cec\u00edlia Vidal, especialista sobre Xavier Nogu\u00e9s, ens aporta el seu punt [...]","protected":false},"author":1,"featured_media":0,"parent":0,"menu_order":0,"comment_status":"closed","ping_status":"closed","template":"","meta":{"footnotes":""},"class_list":["post-89","page","type-page","status-publish","hentry"],"_links":{"self":[{"href":"https:\/\/xaviernogues.org\/en\/wp-json\/wp\/v2\/pages\/89","targetHints":{"allow":["GET"]}}],"collection":[{"href":"https:\/\/xaviernogues.org\/en\/wp-json\/wp\/v2\/pages"}],"about":[{"href":"https:\/\/xaviernogues.org\/en\/wp-json\/wp\/v2\/types\/page"}],"author":[{"embeddable":true,"href":"https:\/\/xaviernogues.org\/en\/wp-json\/wp\/v2\/users\/1"}],"replies":[{"embeddable":true,"href":"https:\/\/xaviernogues.org\/en\/wp-json\/wp\/v2\/comments?post=89"}],"version-history":[{"count":3,"href":"https:\/\/xaviernogues.org\/en\/wp-json\/wp\/v2\/pages\/89\/revisions"}],"predecessor-version":[{"id":1040,"href":"https:\/\/xaviernogues.org\/en\/wp-json\/wp\/v2\/pages\/89\/revisions\/1040"}],"wp:attachment":[{"href":"https:\/\/xaviernogues.org\/en\/wp-json\/wp\/v2\/media?parent=89"}],"curies":[{"name":"wp","href":"https:\/\/api.w.org\/{rel}","templated":true}]}}