{"id":877,"date":"2021-11-12T17:53:57","date_gmt":"2021-11-12T17:53:57","guid":{"rendered":"https:\/\/xaviernogues.org\/?page_id=877"},"modified":"2025-01-08T12:41:48","modified_gmt":"2025-01-08T12:41:48","slug":"descarregat-el-llibre","status":"publish","type":"page","link":"https:\/\/xaviernogues.org\/en\/descarregat-el-llibre","title":{"rendered":"EBOOK DOWNLOAD"},"content":{"rendered":"<div class=\"wpb-content-wrapper\"><div data-parent=\"true\" class=\"vc_row row-container\" id=\"row-unique-0\"><div class=\"row limit-width row-parent\"><div class=\"wpb_row row-inner\"><div class=\"wpb_column pos-top pos-center align_left column_parent col-lg-12 single-internal-gutter\"><div class=\"uncol style-light\"  ><div class=\"uncoltable\"><div class=\"uncell no-block-padding\" ><div class=\"uncont\" ><div class=\"uncode_text_column\" ><p><!-- Google Tag Manager (noscript) --><br \/>\n<noscript><iframe src=\"https:\/\/www.googletagmanager.com\/ns.html?id=GTM-TQRDMJK\" height=\"0\" width=\"0\" style=\"display:none;visibility:hidden\"><\/iframe><\/noscript><br \/>\n<!-- End Google Tag Manager (noscript) --><\/p>\n<p>\n<\/div><\/div><\/div><\/div><\/div><\/div><script id=\"script-row-unique-0\" data-row=\"script-row-unique-0\" type=\"text\/javascript\" class=\"vc_controls\">UNCODE.initRow(document.getElementById(\"row-unique-0\"));<\/script><\/div><\/div><\/div><div data-parent=\"true\" class=\"vc_row has-bg need-focus style-color-wayh-bg row-container\" id=\"row-unique-1\"><div class=\"row-background background-element\">\n\t\t\t\t\t\t\t\t\t\t\t<div class=\"background-wrapper\">\n\t\t\t\t\t\t\t\t\t\t\t\t<div class=\"background-inner\" style=\"background-image: url(https:\/\/xaviernogues.org\/wp-content\/uploads\/2021\/11\/xavier_nogu\u00e9s_foto-1.jpg);background-repeat: no-repeat;background-position: center center;background-attachment: scroll;background-size: cover;\"><\/div>\n\t\t\t\t\t\t\t\t\t\t\t\t<div class=\"block-bg-overlay style-color-wayh-bg\" style=\"opacity: 0.5;\"><\/div>\n\t\t\t\t\t\t\t\t\t\t\t<\/div>\n\t\t\t\t\t\t\t\t\t\t<\/div><div class=\"row limit-width row-parent\" data-height-ratio=\"50\"><div class=\"wpb_row row-inner\"><div class=\"wpb_column pos-top pos-center align_left column_parent col-lg-12 single-internal-gutter\"><div class=\"uncol style-light\"  ><div class=\"uncoltable\" style=\"min-height: 340px;\"><div class=\"uncell no-block-padding\" ><div class=\"uncont\" ><\/div><\/div><\/div><\/div><\/div><script id=\"script-row-unique-1\" data-row=\"script-row-unique-1\" type=\"text\/javascript\" class=\"vc_controls\">UNCODE.initRow(document.getElementById(\"row-unique-1\"));<\/script><\/div><\/div><\/div><div data-parent=\"true\" class=\"vc_row row-container\" id=\"row-unique-2\"><div class=\"row single-top-padding double-bottom-padding single-h-padding limit-width row-parent\"><div class=\"wpb_row row-inner\"><div class=\"wpb_column pos-top pos-center align_left column_parent col-lg-12 single-internal-gutter\"><div class=\"uncol style-light shift_y_neg_quad shift_y_fixed\"  ><div class=\"uncoltable\"><div class=\"uncell double-block-padding style-color-xsdn-bg has-bg\" ><div class=\"uncont\" ><div class=\"vc_row row-internal row-container\"><div class=\"row unequal col-no-gutter row-child\"><div class=\"wpb_row row-inner\"><div class=\"wpb_column pos-middle pos-center align_right align_center_mobile column_child col-lg-3 col-md-25 single-internal-gutter\"><div class=\"uncol style-light\" ><div class=\"uncoltable\"><div class=\"uncell  vc_custom_1495102345881 border-color-gyho-color single-block-padding\" style=\"border-style: solid;border-right-width: 1px ;\" ><div class=\"uncont\" ><div class=\"vc_custom_heading_wrap\"><div class=\"heading-text el-text\" ><h6 class=\"h6 text-color-jevc-color text-uppercase\" ><span>THE BOOK<\/span><\/h6><\/div><div class=\"clear\"><\/div><\/div><\/div><\/div><\/div><\/div><\/div><div class=\"wpb_column pos-middle pos-center align_left align_center_mobile column_child col-lg-9 col-md-75 single-internal-gutter\"><div class=\"uncol style-light\" ><div class=\"uncoltable\"><div class=\"uncell single-block-padding\" ><div class=\"uncont\" ><div class=\"vc_custom_heading_wrap\"><div class=\"heading-text el-text\" ><h1 class=\"h2\" ><span><\/p><\/span><span><div class=\"page\" title=\"Page 13\"><\/span><span><div class=\"layoutArea\"><\/span><span><div class=\"column\"><\/span><span><div class=\"page\" title=\"Page 19\"><\/span><span><div class=\"layoutArea\"><\/span><span><div class=\"column\"><\/span><span><p>La Fundaci\u00f3 Xavier Nogu\u00e9s est\u00e0 compromesa amb la preservaci\u00f3 i difusi\u00f3 de l&#8217;obra d&#8217;aquest artista. Un exemple \u00e9s l&#8217;edici\u00f3 d&#8217;aquest llibre gratu\u00eft.<\/p><\/span><span><\/div><\/span><span><\/div><\/span><span><\/div><\/span><span><\/div><\/span><span><\/div><\/span><span><\/div><\/span><span><p><\/span><\/h1><\/div><div class=\"clear\"><\/div><\/div><\/div><\/div><\/div><\/div><\/div><\/div><\/div><\/div><div class=\"uncode-single-media  text-center animate_when_almost_visible left-t-right\"><div class=\"single-wrapper\" style=\"max-width: 32%;\"><div class=\"tmb tmb-light  tmb-shadowed tmb-shadowed-darker-lg tmb-media-first tmb-media-last tmb-content-overlay tmb-no-bg\"><div class=\"t-inside\"><div class=\"t-entry-visual\"><div class=\"t-entry-visual-tc\"><div class=\"uncode-single-media-wrapper\"><img decoding=\"async\" class=\"wp-image-958\" src=\"https:\/\/xaviernogues.org\/wp-content\/uploads\/2021\/11\/CubNogues-scaled.jpg\" width=\"1977\" height=\"2560\" alt=\"\" srcset=\"https:\/\/xaviernogues.org\/wp-content\/uploads\/2021\/11\/CubNogues-scaled.jpg 1977w, https:\/\/xaviernogues.org\/wp-content\/uploads\/2021\/11\/CubNogues-232x300.jpg 232w, https:\/\/xaviernogues.org\/wp-content\/uploads\/2021\/11\/CubNogues-791x1024.jpg 791w, https:\/\/xaviernogues.org\/wp-content\/uploads\/2021\/11\/CubNogues-768x995.jpg 768w, https:\/\/xaviernogues.org\/wp-content\/uploads\/2021\/11\/CubNogues-1186x1536.jpg 1186w, https:\/\/xaviernogues.org\/wp-content\/uploads\/2021\/11\/CubNogues-1581x2048.jpg 1581w, https:\/\/xaviernogues.org\/wp-content\/uploads\/2021\/11\/CubNogues-9x12.jpg 9w\" sizes=\"(max-width: 1977px) 100vw, 1977px\" \/><\/div>\n\t\t\t\t\t<\/div>\n\t\t\t\t<\/div><\/div><\/div><\/div><\/div><div class=\"vc_row row-internal row-container\"><div class=\"row unequal col-double-gutter row-child\"><div class=\"wpb_row row-inner\"><div class=\"wpb_column pos-top pos-center align_center column_child col-lg-3 col-md-25 single-internal-gutter\"><div class=\"uncol style-light\" ><div class=\"uncoltable\"><div class=\"uncell no-block-padding\" ><div class=\"uncont\" ><div class=\"icon-box icon-box-top\" ><div class=\"icon-box-icon fa-container\" ><a role=\"button\" href=\"https:\/\/xaviernogues.org\/wp-content\/uploads\/2022\/03\/NOGUES-2022_CATALA_INTERACTIVO.pdf\" class=\"text-color-prif-color custom-link\"><i class=\"fa fa-cloud-download2 fa-3x fa-fw\"><\/i><\/a><\/div><div class=\"icon-box-content\"><div class=\"icon-box-heading icon-box-fa-3x\"><h3 class=\"h4\"><a role=\"button\" href=\"https:\/\/xaviernogues.org\/wp-content\/uploads\/2022\/03\/NOGUES-2022_CATALA_INTERACTIVO.pdf\">PDF CATALAN<\/a><\/h3><\/div><p>Download the PDF version in catalan<\/p>\n<\/div><\/div><\/div><\/div><\/div><\/div><\/div><div class=\"wpb_column pos-top pos-center align_center column_child col-lg-3 col-md-25 single-internal-gutter\"><div class=\"uncol style-light\" ><div class=\"uncoltable\"><div class=\"uncell no-block-padding\" ><div class=\"uncont\" ><div class=\"icon-box icon-box-top\" ><div class=\"icon-box-icon fa-container\" ><a role=\"button\" href=\"https:\/\/xaviernogues.org\/wp-content\/uploads\/2022\/03\/NOGUES-2022_INGLES_INTERACTIVO.pdf\" class=\"text-color-prif-color custom-link\"><i class=\"fa fa-cloud-download2 fa-3x fa-fw\"><\/i><\/a><\/div><div class=\"icon-box-content\"><div class=\"icon-box-heading icon-box-fa-3x\"><h3 class=\"h4\"><a role=\"button\" href=\"https:\/\/xaviernogues.org\/wp-content\/uploads\/2022\/03\/NOGUES-2022_INGLES_INTERACTIVO.pdf\">PDF ENGLISH<\/a><\/h3><\/div><p>Download the PDF version in english<\/p>\n<\/div><\/div><\/div><\/div><\/div><\/div><\/div><div class=\"wpb_column pos-top pos-center align_center column_child col-lg-3 col-md-25 single-internal-gutter\"><div class=\"uncol style-light\" ><div class=\"uncoltable\"><div class=\"uncell no-block-padding\" ><div class=\"uncont\" ><div class=\"icon-box icon-box-top\" ><div class=\"icon-box-icon fa-container\" ><a role=\"button\" href=\"https:\/\/xaviernogues.org\/wp-content\/uploads\/2022\/epubs\/NOGUES_2021_CATALA.epub\" class=\"text-color-prif-color custom-link\"><i class=\"fa fa-download3 fa-3x fa-fw\"><\/i><\/a><\/div><div class=\"icon-box-content\"><div class=\"icon-box-heading icon-box-fa-3x\"><h3 class=\"h4\"><a role=\"button\" href=\"https:\/\/xaviernogues.org\/wp-content\/uploads\/2022\/epubs\/NOGUES_2021_CATALA.epub\">EPUB CATALAN<\/a><\/h3><\/div><p>Download the EPUB version in catalan<\/p>\n<\/div><\/div><\/div><\/div><\/div><\/div><\/div><div class=\"wpb_column pos-top pos-center align_center column_child col-lg-3 col-md-25 single-internal-gutter\"><div class=\"uncol style-light\" ><div class=\"uncoltable\"><div class=\"uncell no-block-padding\" ><div class=\"uncont\" ><div class=\"icon-box icon-box-top\" ><div class=\"icon-box-icon fa-container\" ><a role=\"button\" href=\"https:\/\/xaviernogues.org\/wp-content\/uploads\/2022\/epubs\/NOGUES_2021_INGLES.epub\" title=\"DESCARREGA\u2019T EL LLIBRE\" aria-label=\"DESCARREGA\u2019T EL LLIBRE\" class=\"text-color-prif-color custom-link\"><i class=\"fa fa-download3 fa-3x fa-fw\"><\/i><\/a><\/div><div class=\"icon-box-content\"><div class=\"icon-box-heading icon-box-fa-3x\"><h3 class=\"h4\"><a role=\"button\" href=\"https:\/\/xaviernogues.org\/wp-content\/uploads\/2022\/epubs\/NOGUES_2021_INGLES.epub\" title=\"DESCARREGA\u2019T EL LLIBRE\" aria-label=\"DESCARREGA\u2019T EL LLIBRE\">EPUB ENGLISH<\/a><\/h3><\/div><p>Download the EPUB version in english<\/p>\n<\/div><\/div><\/div><\/div><\/div><\/div><\/div><\/div><\/div><\/div><\/div><\/div><\/div><\/div><\/div><script id=\"script-row-unique-2\" data-row=\"script-row-unique-2\" type=\"text\/javascript\" class=\"vc_controls\">UNCODE.initRow(document.getElementById(\"row-unique-2\"));<\/script><\/div><\/div><\/div>\n<\/div>","protected":false},"excerpt":{"rendered":"EL LLIBRELa Fundaci\u00f3 Xavier Nogu\u00e9s est\u00e0 compromesa amb la preservaci\u00f3 i difusi\u00f3 de l'obra d'aquest artista. Un exemple \u00e9s l'edici\u00f3 [...]","protected":false},"author":1,"featured_media":0,"parent":0,"menu_order":0,"comment_status":"closed","ping_status":"closed","template":"","meta":{"footnotes":""},"class_list":["post-877","page","type-page","status-publish","hentry"],"_links":{"self":[{"href":"https:\/\/xaviernogues.org\/en\/wp-json\/wp\/v2\/pages\/877","targetHints":{"allow":["GET"]}}],"collection":[{"href":"https:\/\/xaviernogues.org\/en\/wp-json\/wp\/v2\/pages"}],"about":[{"href":"https:\/\/xaviernogues.org\/en\/wp-json\/wp\/v2\/types\/page"}],"author":[{"embeddable":true,"href":"https:\/\/xaviernogues.org\/en\/wp-json\/wp\/v2\/users\/1"}],"replies":[{"embeddable":true,"href":"https:\/\/xaviernogues.org\/en\/wp-json\/wp\/v2\/comments?post=877"}],"version-history":[{"count":3,"href":"https:\/\/xaviernogues.org\/en\/wp-json\/wp\/v2\/pages\/877\/revisions"}],"predecessor-version":[{"id":1018,"href":"https:\/\/xaviernogues.org\/en\/wp-json\/wp\/v2\/pages\/877\/revisions\/1018"}],"wp:attachment":[{"href":"https:\/\/xaviernogues.org\/en\/wp-json\/wp\/v2\/media?parent=877"}],"curies":[{"name":"wp","href":"https:\/\/api.w.org\/{rel}","templated":true}]}}