{"id":845,"date":"2021-08-03T10:55:42","date_gmt":"2021-08-03T10:55:42","guid":{"rendered":"https:\/\/xaviernogues.org\/?page_id=845"},"modified":"2025-03-13T10:57:36","modified_gmt":"2025-03-13T10:57:36","slug":"catalegs-dexposicions-monografiques","status":"publish","type":"page","link":"https:\/\/xaviernogues.org\/en\/catalegs-dexposicions-monografiques","title":{"rendered":"MONOGRAPHIC EXHIBITION CATALOGUES"},"content":{"rendered":"<div class=\"wpb-content-wrapper\"><div data-parent=\"true\" class=\"vc_row row-container\" id=\"row-unique-0\"><div class=\"row limit-width row-parent\"><div class=\"wpb_row row-inner\"><div class=\"wpb_column pos-middle pos-center align_center column_parent col-lg-12 single-internal-gutter\"><div class=\"uncol style-light\"  ><div class=\"uncoltable\"><div class=\"uncell no-block-padding\" ><div class=\"uncont\" ><div class=\"vc_custom_heading_wrap\"><div class=\"heading-text el-text\" ><h1 class=\"h1 text-color-wvjs-color\" ><span><\/p><\/span><span><h1 style=\"text-align: left;\">Cat\u00e0legs d&#8217;exposicions monogr\u00e0fiques<\/h1><\/span><span><p><\/span><\/h1><hr class=\"separator-break\" \/><\/div><div class=\"clear\"><\/div><\/div><\/div><\/div><\/div><\/div><\/div><script id=\"script-row-unique-0\" data-row=\"script-row-unique-0\" type=\"text\/javascript\" class=\"vc_controls\">UNCODE.initRow(document.getElementById(\"row-unique-0\"));<\/script><\/div><\/div><\/div><div data-parent=\"true\" class=\"vc_row inverted-device-order row-container\" id=\"row-unique-1\"><div class=\"row unequal quad-top-padding one-bottom-padding one-h-padding limit-width row-parent\"><div class=\"wpb_row row-inner\"><div class=\"wpb_column pos-top pos-center align_center column_parent col-lg-4 single-internal-gutter\"><div class=\"uncol style-light\"  ><div class=\"uncoltable\"><div class=\"uncell no-block-padding\" ><div class=\"uncont\" ><div class=\"uncode-single-media  text-center\"><div class=\"single-wrapper\" style=\"max-width: 76%;\"><div class=\"tmb tmb-light  tmb-shadowed tmb-shadowed-std tmb-media-first tmb-media-last tmb-content-overlay tmb-no-bg\"><div class=\"t-inside\"><div class=\"t-entry-visual\"><div class=\"t-entry-visual-tc\"><div class=\"uncode-single-media-wrapper\"><img decoding=\"async\" class=\"wp-image-854\" src=\"https:\/\/xaviernogues.org\/wp-content\/uploads\/2021\/08\/Xavier_Nogues_Virreina_1967_low.jpg\" width=\"500\" height=\"684\" alt=\"\" srcset=\"https:\/\/xaviernogues.org\/wp-content\/uploads\/2021\/08\/Xavier_Nogues_Virreina_1967_low.jpg 500w, https:\/\/xaviernogues.org\/wp-content\/uploads\/2021\/08\/Xavier_Nogues_Virreina_1967_low-219x300.jpg 219w, https:\/\/xaviernogues.org\/wp-content\/uploads\/2021\/08\/Xavier_Nogues_Virreina_1967_low-9x12.jpg 9w\" sizes=\"(max-width: 500px) 100vw, 500px\" \/><\/div>\n\t\t\t\t\t<\/div>\n\t\t\t\t<\/div><\/div><\/div><\/div><\/div><div class=\"vc_custom_heading_wrap\"><div class=\"heading-text el-text\" ><h5 class=\"\" ><span><em>Exposici\u00f3n Xavier Nogu\u00e9s. Barcelona 1873-1941.\u00a0<\/em><em>Cat\u00e1logo<\/em>, Ayuntamiento de Barcelona. Museos de Arte, Barcelona 1967<\/span><\/h5><div><p>This was the most comprehensive exhibition about Nogu\u00e9s, and Cec\u00edlia Vidal played a very important role in writing the catalogue, which comprises 1427 files.<\/p>\n<\/div><\/div><div class=\"clear\"><\/div><\/div><\/div><\/div><\/div><\/div><\/div><div class=\"wpb_column pos-top pos-center align_center column_parent col-lg-4 single-internal-gutter\"><div class=\"uncol style-light\"  ><div class=\"uncoltable\"><div class=\"uncell no-block-padding\" ><div class=\"uncont\" ><div class=\"uncode-single-media  text-center\"><div class=\"single-wrapper\" style=\"max-width: 76%;\"><div class=\"tmb tmb-light  tmb-shadowed tmb-shadowed-std tmb-media-first tmb-media-last tmb-content-overlay tmb-no-bg\"><div class=\"t-inside\"><div class=\"t-entry-visual\"><div class=\"t-entry-visual-tc\"><div class=\"uncode-single-media-wrapper\"><img decoding=\"async\" class=\"wp-image-855\" src=\"https:\/\/xaviernogues.org\/wp-content\/uploads\/2021\/08\/Xavier_Nogues_Virreina_1972_low.jpg\" width=\"700\" height=\"947\" alt=\"\" srcset=\"https:\/\/xaviernogues.org\/wp-content\/uploads\/2021\/08\/Xavier_Nogues_Virreina_1972_low.jpg 700w, https:\/\/xaviernogues.org\/wp-content\/uploads\/2021\/08\/Xavier_Nogues_Virreina_1972_low-222x300.jpg 222w, https:\/\/xaviernogues.org\/wp-content\/uploads\/2021\/08\/Xavier_Nogues_Virreina_1972_low-9x12.jpg 9w\" sizes=\"(max-width: 700px) 100vw, 700px\" \/><\/div>\n\t\t\t\t\t<\/div>\n\t\t\t\t<\/div><\/div><\/div><\/div><\/div><div class=\"vc_custom_heading_wrap\"><div class=\"heading-text el-text\" ><h5 class=\"\" ><span><em>Exposici\u00f3n Legado Isabel Escalada, vda. Xavier Nogu\u00e9s. Cat\u00e1logo<\/em>, Ayuntamiento de Barcelona. Museos de Arte, Barcelona 1972<\/span><\/h5><div><p>This was the exhibition featuring the collection the artist\u2019s widow bequeathed to the municipal art museums of Barcelona: a catalogue of 507 pieces written by Cec\u00edlia Vidal.<\/p>\n<\/div><\/div><div class=\"clear\"><\/div><\/div><\/div><\/div><\/div><\/div><\/div><div class=\"wpb_column pos-top pos-center align_center column_parent col-lg-4 single-internal-gutter\"><div class=\"uncol style-light\"  ><div class=\"uncoltable\"><div class=\"uncell no-block-padding\" ><div class=\"uncont\" ><div class=\"uncode-single-media  text-center\"><div class=\"single-wrapper\" style=\"max-width: 80%;\"><div class=\"tmb tmb-light  tmb-shadowed tmb-shadowed-std tmb-media-first tmb-media-last tmb-content-overlay tmb-no-bg\"><div class=\"t-inside\"><div class=\"t-entry-visual\"><div class=\"t-entry-visual-tc\"><div class=\"uncode-single-media-wrapper\"><img decoding=\"async\" class=\"wp-image-856\" src=\"https:\/\/xaviernogues.org\/wp-content\/uploads\/2021\/08\/Xavier_Nogues_1976_low.jpg\" width=\"700\" height=\"966\" alt=\"\" srcset=\"https:\/\/xaviernogues.org\/wp-content\/uploads\/2021\/08\/Xavier_Nogues_1976_low.jpg 700w, https:\/\/xaviernogues.org\/wp-content\/uploads\/2021\/08\/Xavier_Nogues_1976_low-217x300.jpg 217w, https:\/\/xaviernogues.org\/wp-content\/uploads\/2021\/08\/Xavier_Nogues_1976_low-9x12.jpg 9w\" sizes=\"(max-width: 700px) 100vw, 700px\" \/><\/div>\n\t\t\t\t\t<\/div>\n\t\t\t\t<\/div><\/div><\/div><\/div><\/div><div class=\"vc_custom_heading_wrap\"><div class=\"heading-text el-text\" ><h5 class=\"\" ><span>AINAUD DE LASARTE, J.M. &amp; VIDAL MAYNOU, Cec\u00edlia. <em>Exposici\u00f3n Nogu\u00e9s<\/em>. Instituto Nacional del Libro Espa\u00f1ol, Barcelona 1976<\/span><\/h5><div><p>Chronological compendium of the files of the works illustrated by Xavier Nogu\u00e9s, as well as a very extensive artist\u2019s bibliography. It also contains an inventory of the drawings, prints and publications shown at the retrospective exhibition.<\/p>\n<\/div><\/div><div class=\"clear\"><\/div><\/div><\/div><\/div><\/div><\/div><\/div><script id=\"script-row-unique-1\" data-row=\"script-row-unique-1\" type=\"text\/javascript\" class=\"vc_controls\">UNCODE.initRow(document.getElementById(\"row-unique-1\"));<\/script><\/div><\/div><\/div><div data-parent=\"true\" class=\"vc_row inverted-device-order row-container\" id=\"row-unique-2\"><div class=\"row unequal col-double-gutter quad-top-padding quad-bottom-padding penta-h-padding limit-width row-parent\"><div class=\"wpb_row row-inner\"><div class=\"wpb_column pos-top pos-center align_center column_parent col-lg-6 single-internal-gutter\"><div class=\"uncol style-light\"  ><div class=\"uncoltable\"><div class=\"uncell no-block-padding\" ><div class=\"uncont\" ><div class=\"uncode-single-media  text-center\"><div class=\"single-wrapper\" style=\"max-width: 75%;\"><div class=\"tmb tmb-light  tmb-shadowed tmb-shadowed-std tmb-media-first tmb-media-last tmb-content-overlay tmb-no-bg\"><div class=\"t-inside\"><div class=\"t-entry-visual\"><div class=\"t-entry-visual-tc\"><div class=\"uncode-single-media-wrapper\"><img decoding=\"async\" class=\"wp-image-852\" src=\"https:\/\/xaviernogues.org\/wp-content\/uploads\/2021\/08\/Laietanes_MAM_1984_low.jpg\" width=\"700\" height=\"937\" alt=\"\" srcset=\"https:\/\/xaviernogues.org\/wp-content\/uploads\/2021\/08\/Laietanes_MAM_1984_low.jpg 700w, https:\/\/xaviernogues.org\/wp-content\/uploads\/2021\/08\/Laietanes_MAM_1984_low-224x300.jpg 224w, https:\/\/xaviernogues.org\/wp-content\/uploads\/2021\/08\/Laietanes_MAM_1984_low-9x12.jpg 9w\" sizes=\"(max-width: 700px) 100vw, 700px\" \/><\/div>\n\t\t\t\t\t<\/div>\n\t\t\t\t<\/div><\/div><\/div><\/div><\/div><div class=\"vc_custom_heading_wrap\"><div class=\"heading-text el-text\" ><h5 class=\"\" ><span><em>Xavier Nogu\u00e9s. Pintures murals procedents del Celler de les Galeries Laietanes.<\/em> Museu d\u2019Art Modern. Ajuntament de Barcelona, 1984<\/span><\/h5><div><p>Catalogue of the exhibition of tempera murals dating from 1915 and done by Nogu\u00e9s in the basement caf\u00e9, El Celler, at the Galeries Laietanes in Barcelona. Most of them have belonged to Museu d\u2019Art Modern (now MNAC) since 1947. There are also some pieces from the same source, in private collections.<\/p>\n<\/div><\/div><div class=\"clear\"><\/div><\/div><\/div><\/div><\/div><\/div><\/div><div class=\"wpb_column pos-top pos-center align_center column_parent col-lg-6 single-internal-gutter\"><div class=\"uncol style-light\"  ><div class=\"uncoltable\"><div class=\"uncell no-block-padding\" ><div class=\"uncont\" ><div class=\"uncode-single-media  text-center\"><div class=\"single-wrapper\" style=\"max-width: 81%;\"><div class=\"tmb tmb-light  tmb-shadowed tmb-shadowed-std tmb-media-first tmb-media-last tmb-content-overlay tmb-no-bg\"><div class=\"t-inside\"><div class=\"t-entry-visual\"><div class=\"t-entry-visual-tc\"><div class=\"uncode-single-media-wrapper\"><img decoding=\"async\" class=\"wp-image-849\" src=\"https:\/\/xaviernogues.org\/wp-content\/uploads\/2021\/08\/Xavier_Nogues_Vilanova_2011_low.jpg\" width=\"800\" height=\"804\" alt=\"\" srcset=\"https:\/\/xaviernogues.org\/wp-content\/uploads\/2021\/08\/Xavier_Nogues_Vilanova_2011_low.jpg 800w, https:\/\/xaviernogues.org\/wp-content\/uploads\/2021\/08\/Xavier_Nogues_Vilanova_2011_low-150x150.jpg 150w, https:\/\/xaviernogues.org\/wp-content\/uploads\/2021\/08\/Xavier_Nogues_Vilanova_2011_low-768x772.jpg 768w, https:\/\/xaviernogues.org\/wp-content\/uploads\/2021\/08\/Xavier_Nogues_Vilanova_2011_low-12x12.jpg 12w\" sizes=\"(max-width: 800px) 100vw, 800px\" \/><\/div>\n\t\t\t\t\t<\/div>\n\t\t\t\t<\/div><\/div><\/div><\/div><\/div><div class=\"vc_custom_heading_wrap\"><div class=\"heading-text el-text\" ><h5 class=\"\" ><span><em>Xavier Nogu\u00e9s a les col\u00b7leccions del Museu<\/em>, Biblioteca Museu V\u00edctor Balaguer &amp; Fundaci\u00f3 Xavier Nogu\u00e9s, Vilanova i la Geltr\u00fa, 2011<\/span><\/h5><div><p>Catalogue of the different artworks by Nogu\u00e9s on display at the Museu de Vilanova, with a preface by Mireia Rosich and extensive texts by Cec\u00edlia Vidal.<\/p>\n<\/div><\/div><div class=\"clear\"><\/div><\/div><\/div><\/div><\/div><\/div><\/div><script id=\"script-row-unique-2\" data-row=\"script-row-unique-2\" type=\"text\/javascript\" class=\"vc_controls\">UNCODE.initRow(document.getElementById(\"row-unique-2\"));<\/script><\/div><\/div><\/div>\n<\/div>","protected":false},"excerpt":{"rendered":"Cat\u00e0legs d'exposicions monogr\u00e0fiques Exposici\u00f3n Xavier Nogu\u00e9s. Barcelona 1873-1941.\u00a0Cat\u00e1logo, Ayuntamiento de Barcelona. Museos de Arte, Barcelona 1967\u00c9s l\u2019exposici\u00f3 m\u00e9s \u00e0mplia que [...]","protected":false},"author":1,"featured_media":0,"parent":0,"menu_order":0,"comment_status":"closed","ping_status":"closed","template":"","meta":{"footnotes":""},"class_list":["post-845","page","type-page","status-publish","hentry"],"_links":{"self":[{"href":"https:\/\/xaviernogues.org\/en\/wp-json\/wp\/v2\/pages\/845","targetHints":{"allow":["GET"]}}],"collection":[{"href":"https:\/\/xaviernogues.org\/en\/wp-json\/wp\/v2\/pages"}],"about":[{"href":"https:\/\/xaviernogues.org\/en\/wp-json\/wp\/v2\/types\/page"}],"author":[{"embeddable":true,"href":"https:\/\/xaviernogues.org\/en\/wp-json\/wp\/v2\/users\/1"}],"replies":[{"embeddable":true,"href":"https:\/\/xaviernogues.org\/en\/wp-json\/wp\/v2\/comments?post=845"}],"version-history":[{"count":3,"href":"https:\/\/xaviernogues.org\/en\/wp-json\/wp\/v2\/pages\/845\/revisions"}],"predecessor-version":[{"id":1038,"href":"https:\/\/xaviernogues.org\/en\/wp-json\/wp\/v2\/pages\/845\/revisions\/1038"}],"wp:attachment":[{"href":"https:\/\/xaviernogues.org\/en\/wp-json\/wp\/v2\/media?parent=845"}],"curies":[{"name":"wp","href":"https:\/\/api.w.org\/{rel}","templated":true}]}}