{"id":64,"date":"2019-12-17T11:37:33","date_gmt":"2019-12-17T11:37:33","guid":{"rendered":"https:\/\/xaviernogues.org\/?page_id=64"},"modified":"2025-03-13T10:58:30","modified_gmt":"2025-03-13T10:58:30","slug":"bibliografia","status":"publish","type":"page","link":"https:\/\/xaviernogues.org\/en\/bibliografia","title":{"rendered":"BIBLIOGRAPHY"},"content":{"rendered":"<div class=\"wpb-content-wrapper\"><div data-parent=\"true\" class=\"vc_row row-container\" id=\"row-unique-0\"><div class=\"row limit-width row-parent\"><div class=\"wpb_row row-inner\"><div class=\"wpb_column pos-middle pos-center align_center column_parent col-lg-12 single-internal-gutter\"><div class=\"uncol style-light\"  ><div class=\"uncoltable\"><div class=\"uncell no-block-padding\" ><div class=\"uncont\" ><div class=\"vc_custom_heading_wrap\"><div class=\"heading-text el-text\" ><\/p>\n<h1>Bibliography<\/h1>\n<p>\n<hr class=\"separator-break\" \/><\/div><div class=\"clear\"><\/div><\/div><\/div><\/div><\/div><\/div><\/div><script id=\"script-row-unique-0\" data-row=\"script-row-unique-0\" type=\"text\/javascript\" class=\"vc_controls\">UNCODE.initRow(document.getElementById(\"row-unique-0\"));<\/script><\/div><\/div><\/div><div data-parent=\"true\" class=\"vc_row row-container\" id=\"row-unique-1\"><div class=\"row unequal col-double-gutter quad-top-padding one-bottom-padding single-h-padding limit-width row-parent\"><div class=\"wpb_row row-inner\"><div class=\"wpb_column pos-middle pos-center align_center column_parent col-lg-6 single-internal-gutter\"><div class=\"uncol style-light\"  ><div class=\"uncoltable\"><div class=\"uncell no-block-padding\" ><div class=\"uncont\" ><div class=\"uncode-single-media  text-center\"><div class=\"single-wrapper\" style=\"max-width: 50%;\"><div class=\"tmb tmb-light  tmb-shadowed tmb-shadowed-std tmb-media-first tmb-media-last tmb-content-overlay tmb-no-bg\"><div class=\"t-inside\"><div class=\"t-entry-visual\"><div class=\"t-entry-visual-tc\"><div class=\"uncode-single-media-wrapper\"><img decoding=\"async\" class=\"wp-image-68\" src=\"https:\/\/xaviernogues.org\/wp-content\/uploads\/2019\/12\/Catalunya_pictoresca_xavier_nogues.jpg\" width=\"798\" height=\"1000\" alt=\"\" srcset=\"https:\/\/xaviernogues.org\/wp-content\/uploads\/2019\/12\/Catalunya_pictoresca_xavier_nogues.jpg 798w, https:\/\/xaviernogues.org\/wp-content\/uploads\/2019\/12\/Catalunya_pictoresca_xavier_nogues-239x300.jpg 239w, https:\/\/xaviernogues.org\/wp-content\/uploads\/2019\/12\/Catalunya_pictoresca_xavier_nogues-768x962.jpg 768w\" sizes=\"(max-width: 798px) 100vw, 798px\" \/><\/div>\n\t\t\t\t\t<\/div>\n\t\t\t\t<\/div><\/div><\/div><\/div><\/div><div class=\"vc_custom_heading_wrap\"><div class=\"heading-text el-text\" ><h4 class=\"\" ><span><em>La Catalunya pintoresca\u00a0(1919)<\/em><\/span><\/h4><div><p>Three fascicles of 10 engravings and one of 20, with text by Francesc Pujols and a prologue by Joan Sacs. 1st  edition, Salvat-Papasseit Llibreters. Barcelona. 2nd ed. 1933, Llibreria Catal\u00f2nia; 3rd ed. 1947, Editorial Mill\u00e0, Barcelona; 4th and 5th eds., 1979 and 1987, Ola\u00f1eta, Palma de Mallorca (facsimiles and an introduction by Francesc Fontbona); and a 6th bibliophile edition, 1990, Fundaci\u00f3 Xavier Nogu\u00e9s.\nHere we have a few \u201cphotographs\u201d from the time, which demonstrate a perspective that only true satiric illustrators, poets of the image, are capable of reflecting without the need for anything other than a sheet of paper, a pencil and their own intelligence.<\/p>\n<\/div><\/div><div class=\"clear\"><\/div><\/div><\/div><\/div><\/div><\/div><\/div><div class=\"wpb_column pos-top pos-center align_center column_parent col-lg-6 single-internal-gutter\"><div class=\"uncol style-light\"  ><div class=\"uncoltable\"><div class=\"uncell no-block-padding\" ><div class=\"uncont\" ><div class=\"uncode-single-media  text-center\"><div class=\"single-wrapper\" style=\"max-width: 50%;\"><div class=\"tmb tmb-light  tmb-shadowed tmb-shadowed-std tmb-media-first tmb-media-last tmb-content-overlay tmb-no-bg\"><div class=\"t-inside\"><div class=\"t-entry-visual\"><div class=\"t-entry-visual-tc\"><div class=\"uncode-single-media-wrapper\"><img decoding=\"async\" class=\"wp-image-66\" src=\"https:\/\/xaviernogues.org\/wp-content\/uploads\/2019\/12\/Abecedari_xavier_nogues.jpg\" width=\"853\" height=\"1000\" alt=\"\" srcset=\"https:\/\/xaviernogues.org\/wp-content\/uploads\/2019\/12\/Abecedari_xavier_nogues.jpg 853w, https:\/\/xaviernogues.org\/wp-content\/uploads\/2019\/12\/Abecedari_xavier_nogues-256x300.jpg 256w, https:\/\/xaviernogues.org\/wp-content\/uploads\/2019\/12\/Abecedari_xavier_nogues-768x900.jpg 768w\" sizes=\"(max-width: 853px) 100vw, 853px\" \/><\/div>\n\t\t\t\t\t<\/div>\n\t\t\t\t<\/div><\/div><\/div><\/div><\/div><div class=\"vc_custom_heading_wrap\"><div class=\"heading-text el-text\" ><h4 class=\"\" ><span><em>Abecedari catal\u00e0 per a nens\u00a0(1920)<\/em><\/span><\/h4><div><p>Preceded by some words from Pompeu Fabra. Llibreria Nacional Catalana. 1st edition, Salvat-Papasseit Llibreters, Barcelona. 2nd and 3rd eds., 1984 and 1995, Alta Fulla, Barcelona.<\/p>\n<\/div><\/div><div class=\"clear\"><\/div><\/div><\/div><\/div><\/div><\/div><\/div><script id=\"script-row-unique-1\" data-row=\"script-row-unique-1\" type=\"text\/javascript\" class=\"vc_controls\">UNCODE.initRow(document.getElementById(\"row-unique-1\"));<\/script><\/div><\/div><\/div><div data-parent=\"true\" class=\"vc_row row-container\" id=\"row-unique-2\"><div class=\"row unequal col-double-gutter single-top-padding quad-bottom-padding single-h-padding limit-width row-parent\"><div class=\"wpb_row row-inner\"><div class=\"wpb_column pos-middle pos-center align_center column_parent col-lg-6 single-internal-gutter\"><div class=\"uncol style-light\"  ><div class=\"uncoltable\"><div class=\"uncell no-block-padding\" ><div class=\"uncont\" ><div class=\"uncode-single-media  text-center\"><div class=\"single-wrapper\" style=\"max-width: 49%;\"><div class=\"tmb tmb-light  tmb-media-first tmb-media-last tmb-content-overlay tmb-no-bg\"><div class=\"t-inside\"><div class=\"t-entry-visual\"><div class=\"t-entry-visual-tc\"><div class=\"uncode-single-media-wrapper\"><img decoding=\"async\" class=\"wp-image-65\" src=\"https:\/\/xaviernogues.org\/wp-content\/uploads\/2019\/12\/50ninots_xavier_nogues.jpg\" width=\"822\" height=\"1000\" alt=\"\" srcset=\"https:\/\/xaviernogues.org\/wp-content\/uploads\/2019\/12\/50ninots_xavier_nogues.jpg 822w, https:\/\/xaviernogues.org\/wp-content\/uploads\/2019\/12\/50ninots_xavier_nogues-247x300.jpg 247w, https:\/\/xaviernogues.org\/wp-content\/uploads\/2019\/12\/50ninots_xavier_nogues-768x934.jpg 768w\" sizes=\"(max-width: 822px) 100vw, 822px\" \/><\/div>\n\t\t\t\t\t<\/div>\n\t\t\t\t<\/div><\/div><\/div><\/div><\/div><div class=\"vc_custom_heading_wrap\"><div class=\"heading-text el-text\" ><h4 class=\"\" ><span><em>50 ninots\u00a0(1922)<\/em><\/span><\/h4><div><p>Prologue by Ram\u00f3n Revent\u00f3s.\nSalvat-Papasseit Llibreters. \n1st edition, Barcelona, 1922.<\/p>\n<\/div><\/div><div class=\"clear\"><\/div><\/div><\/div><\/div><\/div><\/div><\/div><div class=\"wpb_column pos-top pos-center align_center column_parent col-lg-6 single-internal-gutter\"><div class=\"uncol style-light\"  ><div class=\"uncoltable\"><div class=\"uncell no-block-padding\" ><div class=\"uncont\" ><\/div><\/div><\/div><\/div><\/div><script id=\"script-row-unique-2\" data-row=\"script-row-unique-2\" type=\"text\/javascript\" class=\"vc_controls\">UNCODE.initRow(document.getElementById(\"row-unique-2\"));<\/script><\/div><\/div><\/div>\n<\/div>","protected":false},"excerpt":{"rendered":"Bibliografia La Catalunya pintoresca\u00a0(1919)Es tracta de 3 fascicles de 10 gravats i 1 de 20, amb textos de Francesc Pujols [...]","protected":false},"author":1,"featured_media":0,"parent":0,"menu_order":0,"comment_status":"closed","ping_status":"closed","template":"","meta":{"footnotes":""},"class_list":["post-64","page","type-page","status-publish","hentry"],"_links":{"self":[{"href":"https:\/\/xaviernogues.org\/en\/wp-json\/wp\/v2\/pages\/64","targetHints":{"allow":["GET"]}}],"collection":[{"href":"https:\/\/xaviernogues.org\/en\/wp-json\/wp\/v2\/pages"}],"about":[{"href":"https:\/\/xaviernogues.org\/en\/wp-json\/wp\/v2\/types\/page"}],"author":[{"embeddable":true,"href":"https:\/\/xaviernogues.org\/en\/wp-json\/wp\/v2\/users\/1"}],"replies":[{"embeddable":true,"href":"https:\/\/xaviernogues.org\/en\/wp-json\/wp\/v2\/comments?post=64"}],"version-history":[{"count":3,"href":"https:\/\/xaviernogues.org\/en\/wp-json\/wp\/v2\/pages\/64\/revisions"}],"predecessor-version":[{"id":1039,"href":"https:\/\/xaviernogues.org\/en\/wp-json\/wp\/v2\/pages\/64\/revisions\/1039"}],"wp:attachment":[{"href":"https:\/\/xaviernogues.org\/en\/wp-json\/wp\/v2\/media?parent=64"}],"curies":[{"name":"wp","href":"https:\/\/api.w.org\/{rel}","templated":true}]}}