{"id":550,"date":"2020-03-12T10:03:16","date_gmt":"2020-03-12T10:03:16","guid":{"rendered":"https:\/\/xaviernogues.org\/?page_id=550"},"modified":"2020-04-15T13:03:40","modified_gmt":"2020-04-15T13:03:40","slug":"partnerships","status":"publish","type":"page","link":"https:\/\/xaviernogues.org\/en\/partnerships","title":{"rendered":"PARTNERSHIPS"},"content":{"rendered":"<div class=\"wpb-content-wrapper\"><div data-parent=\"true\" class=\"vc_row has-bg need-focus style-color-wayh-bg row-container\" id=\"row-unique-0\"><div class=\"row-background background-element\">\n\t\t\t\t\t\t\t\t\t\t\t<div class=\"background-wrapper\">\n\t\t\t\t\t\t\t\t\t\t\t\t<div class=\"background-inner\" style=\"background-repeat: no-repeat;background-position: center center;background-attachment: scroll;background-size: cover;\"><\/div>\n\t\t\t\t\t\t\t\t\t\t\t\t<div class=\"block-bg-overlay style-color-wayh-bg\" style=\"opacity: 0.32;\"><\/div>\n\t\t\t\t\t\t\t\t\t\t\t<\/div>\n\t\t\t\t\t\t\t\t\t\t<\/div><div class=\"row limit-width row-parent\" data-height-ratio=\"50\"><div class=\"wpb_row row-inner\"><div class=\"wpb_column pos-top pos-center align_left column_parent col-lg-12 single-internal-gutter\"><div class=\"uncol style-light\"  ><div class=\"uncoltable\" style=\"min-height: 340px;\"><div class=\"uncell no-block-padding\" ><div class=\"uncont\" ><\/div><\/div><\/div><\/div><\/div><script id=\"script-row-unique-0\" data-row=\"script-row-unique-0\" type=\"text\/javascript\" class=\"vc_controls\">UNCODE.initRow(document.getElementById(\"row-unique-0\"));<\/script><\/div><\/div><\/div><div data-parent=\"true\" class=\"vc_row row-container\" id=\"row-unique-1\"><div class=\"row single-top-padding double-bottom-padding single-h-padding limit-width row-parent\"><div class=\"wpb_row row-inner\"><div class=\"wpb_column pos-top pos-center align_left column_parent col-lg-12 single-internal-gutter\"><div class=\"uncol style-light shift_y_neg_quad shift_y_fixed\"  ><div class=\"uncoltable\"><div class=\"uncell double-block-padding style-color-xsdn-bg has-bg\" ><div class=\"uncont\" ><div class=\"vc_row row-internal row-container\"><div class=\"row unequal col-no-gutter row-child\"><div class=\"wpb_row row-inner\"><div class=\"wpb_column pos-middle pos-center align_right align_center_mobile column_child col-lg-3 col-md-25 single-internal-gutter\"><div class=\"uncol style-light\" ><div class=\"uncoltable\"><div class=\"uncell  vc_custom_1495102345881 border-color-gyho-color single-block-padding\" style=\"border-style: solid;border-right-width: 1px ;\" ><div class=\"uncont\" ><div class=\"vc_custom_heading_wrap\"><div class=\"heading-text el-text\" ><h6 class=\"h6 text-uppercase\" ><span>Partenrships<\/span><\/h6><\/div><div class=\"clear\"><\/div><\/div><\/div><\/div><\/div><\/div><\/div><div class=\"wpb_column pos-middle pos-center align_left align_center_mobile column_child col-lg-9 col-md-75 single-internal-gutter\"><div class=\"uncol style-light\" ><div class=\"uncoltable\"><div class=\"uncell single-block-padding\" ><div class=\"uncont\" ><div class=\"vc_custom_heading_wrap\"><div class=\"heading-text el-text\" ><h3 class=\"h1\" ><span><\/p><\/span><span><p id=\"tw-target-text\" class=\"tw-data-text tw-text-large tw-ta\" dir=\"ltr\" data-placeholder=\"Translation\"><span lang=\"en\">The Xavier Nogu\u00e9s Foundation collaborates with various institutions in sponsoring courses and activities<\/span><\/p><\/span><span><p><\/span><\/h3><\/div><div class=\"clear\"><\/div><\/div><\/div><\/div><\/div><\/div><\/div><\/div><\/div><\/div><\/div><\/div><\/div><\/div><\/div><script id=\"script-row-unique-1\" data-row=\"script-row-unique-1\" type=\"text\/javascript\" class=\"vc_controls\">UNCODE.initRow(document.getElementById(\"row-unique-1\"));<\/script><\/div><\/div><\/div><div data-parent=\"true\" class=\"vc_row row-letaral section-lateral row-horizontal-display overflow-hidden shape-bg additions row-container\" id=\"row-unique-2\"><div class=\"row unequal one-top-padding quad-bottom-padding single-h-padding limit-width row-parent\"><div class=\"wpb_row row-inner\"><div class=\"wpb_column pos-middle pos-center align_center column_parent col-lg-12 single-internal-gutter\"><div class=\"uncol style-light\"  ><div class=\"uncoltable\"><div class=\"uncell no-block-padding\" ><div class=\"uncont\" ><div class=\"vc_row row-internal row-container\"><div class=\"row col-double-gutter row-child\"><div class=\"wpb_row row-inner\"><div class=\"wpb_column pos-top pos-center align_center align_center_mobile column_child col-lg-3 col-md-25 single-internal-gutter\"><div class=\"uncol style-light\" ><div class=\"uncoltable\"><div class=\"uncell no-block-padding\" ><div class=\"uncont\" ><div class=\"uncode-single-media  text-center\"><div class=\"single-wrapper\" style=\"max-width: 100%;\"><a class=\"single-media-link\" href=\"http:\/\/www.escolamassana.es\/ca\/page.asp?id=1\"><div class=\"tmb tmb-light  tmb-media-first tmb-media-last tmb-content-overlay tmb-no-bg\"><div class=\"t-inside\"><div class=\"t-entry-visual\"><div class=\"t-entry-visual-tc\"><div class=\"uncode-single-media-wrapper\"><img decoding=\"async\" class=\"wp-image-126\" src=\"https:\/\/xaviernogues.org\/wp-content\/uploads\/2019\/12\/massana.png\" width=\"300\" height=\"49\" alt=\"\"><\/div>\n\t\t\t\t\t<\/div>\n\t\t\t\t<\/div><\/div><\/div><\/a><\/div><\/div><div class=\"vc_custom_heading_wrap\"><div class=\"heading-text el-text\" ><h3 class=\"h4\" ><span><\/p><\/span><span><p id=\"tw-target-text\" class=\"tw-data-text tw-text-large tw-ta\" dir=\"ltr\" data-placeholder=\"Translation\"><strong><span lang=\"en\">Municipal School of Art and Design of Barcelona<\/span><\/strong><\/p><\/span><span><p><\/span><\/h3><div class=\"text-top-reduced\"><p>The Foundation has been collaborating since 2010 with the sponsorship of the Experimental Printing Seminar, in which engraving students from various national and international schools develop a project around a thematic axis. The Engraving Classroom, named after Xavier Nogu\u00e9s, has been equipped with<br \/>\nchalcographic engraving equipment<\/p>\n<\/div><\/div><div class=\"clear\"><\/div><\/div><\/div><\/div><\/div><\/div><\/div><div class=\"wpb_column pos-top pos-center align_center align_center_mobile column_child col-lg-3 col-md-25 single-internal-gutter\"><div class=\"uncol style-light\" ><div class=\"uncoltable\"><div class=\"uncell no-block-padding\" ><div class=\"uncont\" ><div class=\"uncode-single-media  text-center\"><div class=\"single-wrapper\" style=\"max-width: 87%;\"><a class=\"single-media-link\" href=\"http:\/\/www.castelldelacardosa.com\/\"><div class=\"tmb tmb-light  tmb-media-first tmb-media-last tmb-content-overlay tmb-no-bg\"><div class=\"t-inside\"><div class=\"t-entry-visual\"><div class=\"t-entry-visual-tc\"><div class=\"uncode-single-media-wrapper\"><img decoding=\"async\" class=\"wp-image-122\" src=\"https:\/\/xaviernogues.org\/wp-content\/uploads\/2019\/12\/castellcardosa.jpg\" width=\"160\" height=\"68\" alt=\"\"><\/div>\n\t\t\t\t\t<\/div>\n\t\t\t\t<\/div><\/div><\/div><\/a><\/div><\/div><div class=\"vc_custom_heading_wrap\"><div class=\"heading-text el-text\" ><h3 class=\"h4\" ><span><b>Castell de la Cardosa<\/b><\/span><\/h3><div class=\"text-top-reduced\"><p>Located in La Segarra (Lleida), the Xavier Nogu\u00e9s Foundation collaborates in sponsoring an engraving course.<\/p>\n<\/div><\/div><div class=\"clear\"><\/div><\/div><\/div><\/div><\/div><\/div><\/div><div class=\"wpb_column pos-top pos-center align_center align_center_mobile column_child col-lg-3 col-md-25 single-internal-gutter\"><div class=\"uncol style-light\" ><div class=\"uncoltable\"><div class=\"uncell no-block-padding\" ><div class=\"uncont\" ><div class=\"uncode-single-media  text-center\"><div class=\"single-wrapper\" style=\"max-width: 43%;\"><a class=\"single-media-link\" href=\"http:\/\/www.hervasamezcua.org\/\"><div class=\"tmb tmb-light  tmb-media-first tmb-media-last tmb-content-overlay tmb-no-bg\"><div class=\"t-inside\"><div class=\"t-entry-visual\"><div class=\"t-entry-visual-tc\"><div class=\"uncode-single-media-wrapper\"><img decoding=\"async\" class=\"wp-image-134\" src=\"https:\/\/xaviernogues.org\/wp-content\/uploads\/2019\/12\/images.png\" width=\"214\" height=\"236\" alt=\"\"><\/div>\n\t\t\t\t\t<\/div>\n\t\t\t\t<\/div><\/div><\/div><\/a><\/div><\/div><div class=\"vc_custom_heading_wrap\"><div class=\"heading-text el-text\" ><h3 class=\"h4\" ><span><b>Herv\u00e1s Amezcua Foundation<\/b><\/span><\/h3><div class=\"text-top-reduced\"><p>The Xavier Nogu\u00e9s Foundation collaborates in sponsoring an engraving course.<\/p>\n<\/div><\/div><div class=\"clear\"><\/div><\/div><\/div><\/div><\/div><\/div><\/div><div class=\"wpb_column pos-top pos-center align_center align_center_mobile column_child col-lg-3 col-md-25 single-internal-gutter\"><div class=\"uncol style-light\" ><div class=\"uncoltable\"><div class=\"uncell no-block-padding\" ><div class=\"uncont\" ><div class=\"uncode-single-media  text-center\"><div class=\"single-wrapper\" style=\"max-width: 36%;\"><a class=\"single-media-link\" href=\"https:\/\/www.museunacional.cat\/ca\"><div class=\"tmb tmb-light  tmb-media-first tmb-media-last tmb-content-overlay tmb-no-bg\"><div class=\"t-inside\"><div class=\"t-entry-visual\"><div class=\"t-entry-visual-tc\"><div class=\"uncode-single-media-wrapper\"><img decoding=\"async\" class=\"wp-image-133\" src=\"https:\/\/xaviernogues.org\/wp-content\/uploads\/2019\/12\/logo-mnac.jpg\" width=\"336\" height=\"336\" alt=\"\" srcset=\"https:\/\/xaviernogues.org\/wp-content\/uploads\/2019\/12\/logo-mnac.jpg 336w, https:\/\/xaviernogues.org\/wp-content\/uploads\/2019\/12\/logo-mnac-300x300.jpg 300w, https:\/\/xaviernogues.org\/wp-content\/uploads\/2019\/12\/logo-mnac-150x150.jpg 150w\" sizes=\"(max-width: 336px) 100vw, 336px\" \/><\/div>\n\t\t\t\t\t<\/div>\n\t\t\t\t<\/div><\/div><\/div><\/a><\/div><\/div><div class=\"vc_custom_heading_wrap\"><div class=\"heading-text el-text\" ><h3 class=\"h4\" ><span><b>Catalonia&#8217;s National Art Museum.<\/b><\/span><\/h3><div class=\"text-top-reduced\"><p>He has an important collection of engravings by Xavier Nogu\u00e9s and the Foundation collaborated with them on the occasion of the 2000 exhibition, on \"The Painting Catalonia\". The Foundation has donated a bronze bust (portrait of Xavier Nogu\u00e9s) by Josep Dunyac.<\/p>\n<\/div><\/div><div class=\"clear\"><\/div><\/div><\/div><\/div><\/div><\/div><\/div><\/div><\/div><\/div><div class=\"empty-space empty-double\" ><span class=\"empty-space-inner\"><\/span><\/div>\n<div class=\"vc_row row-internal row-container\"><div class=\"row col-double-gutter row-child\"><div class=\"wpb_row row-inner\"><div class=\"wpb_column pos-top pos-center align_center align_center_mobile column_child col-lg-3 col-md-25 single-internal-gutter\"><div class=\"uncol style-light\" ><div class=\"uncoltable\"><div class=\"uncell no-block-padding\" ><div class=\"uncont\" ><div class=\"uncode-single-media  text-center\"><div class=\"single-wrapper\" style=\"max-width: 62%;\"><a class=\"single-media-link\" href=\"http:\/\/www.victorbalaguer.cat\/es\"><div class=\"tmb tmb-light  tmb-media-first tmb-media-last tmb-content-overlay tmb-no-bg\"><div class=\"t-inside\"><div class=\"t-entry-visual\"><div class=\"t-entry-visual-tc\"><div class=\"uncode-single-media-wrapper\"><img decoding=\"async\" class=\"wp-image-143\" src=\"https:\/\/xaviernogues.org\/wp-content\/uploads\/2019\/12\/logo-vector-fundacio-catalunya-la-pedrera.jpg\" width=\"630\" height=\"320\" alt=\"\" srcset=\"https:\/\/xaviernogues.org\/wp-content\/uploads\/2019\/12\/logo-vector-fundacio-catalunya-la-pedrera.jpg 630w, https:\/\/xaviernogues.org\/wp-content\/uploads\/2019\/12\/logo-vector-fundacio-catalunya-la-pedrera-300x152.jpg 300w\" sizes=\"(max-width: 630px) 100vw, 630px\" \/><\/div>\n\t\t\t\t\t<\/div>\n\t\t\t\t<\/div><\/div><\/div><\/a><\/div><\/div><div class=\"vc_custom_heading_wrap\"><div class=\"heading-text el-text\" ><h3 class=\"h4\" ><span><b>Fundaci\u00f3 Catalunya &#8211; La Pedrera<\/b><\/span><\/h3><div class=\"text-top-reduced\"><p>Xavier Nogu\u00e9s, together with Iu Pascual and Alexandre Clap\u00e9s, made the murals of the interior of La Pedrera, which are located in the two vestibules at the entrance of Proven\u00e7a Street and Paseo de Gracia and were recently restored (2013) . Also involved was the painter Teresa Lostau, his first wife.<\/p>\n<\/div><\/div><div class=\"clear\"><\/div><\/div><\/div><\/div><\/div><\/div><\/div><div class=\"wpb_column pos-top pos-center align_center align_center_mobile column_child col-lg-3 col-md-25 single-internal-gutter\"><div class=\"uncol style-light\" ><div class=\"uncoltable\"><div class=\"uncell no-block-padding\" ><div class=\"uncont\" ><div class=\"uncode-single-media  text-center\"><div class=\"single-wrapper\" style=\"max-width: 82%;\"><a class=\"single-media-link\" href=\"http:\/\/www.llotja.cat\/pages\/page.php?numh=0&amp;numv=1&amp;cat=0&amp;lan=1\"><div class=\"tmb tmb-light  tmb-media-first tmb-media-last tmb-content-overlay tmb-no-bg\"><div class=\"t-inside\"><div class=\"t-entry-visual\"><div class=\"t-entry-visual-tc\"><div class=\"uncode-single-media-wrapper\"><img decoding=\"async\" class=\"wp-image-132\" src=\"https:\/\/xaviernogues.org\/wp-content\/uploads\/2019\/12\/6811.jpg\" width=\"1200\" height=\"610\" alt=\"\" srcset=\"https:\/\/xaviernogues.org\/wp-content\/uploads\/2019\/12\/6811.jpg 1200w, https:\/\/xaviernogues.org\/wp-content\/uploads\/2019\/12\/6811-300x153.jpg 300w, https:\/\/xaviernogues.org\/wp-content\/uploads\/2019\/12\/6811-1024x521.jpg 1024w, https:\/\/xaviernogues.org\/wp-content\/uploads\/2019\/12\/6811-768x390.jpg 768w\" sizes=\"(max-width: 1200px) 100vw, 1200px\" \/><\/div>\n\t\t\t\t\t<\/div>\n\t\t\t\t<\/div><\/div><\/div><\/a><\/div><\/div><div class=\"vc_custom_heading_wrap\"><div class=\"heading-text el-text\" ><h3 class=\"h4\" ><span>Llotja<\/span><\/h3><div class=\"text-top-reduced\"><p>Current name of the old School of Arts and Crafts in Barcelona. The Foundation has provided a tortoise for use in engraving courses.<\/p>\n<\/div><\/div><div class=\"clear\"><\/div><\/div><\/div><\/div><\/div><\/div><\/div><div class=\"wpb_column pos-top pos-center align_center align_center_mobile column_child col-lg-3 col-md-25 single-internal-gutter\"><div class=\"uncol style-light\" ><div class=\"uncoltable\"><div class=\"uncell no-block-padding\" ><div class=\"uncont\" ><div class=\"uncode-single-media  text-center\"><div class=\"single-wrapper\" style=\"max-width: 100%;\"><a class=\"single-media-link\" href=\"http:\/\/www.escolartolot.cat\/ca.html\"><div class=\"tmb tmb-light  tmb-media-first tmb-media-last tmb-content-overlay tmb-no-bg\"><div class=\"t-inside\"><div class=\"t-entry-visual\"><div class=\"t-entry-visual-tc\"><div class=\"uncode-single-media-wrapper\"><img decoding=\"async\" class=\"wp-image-131\" src=\"https:\/\/xaviernogues.org\/wp-content\/uploads\/2019\/12\/Unknown.jpeg\" width=\"335\" height=\"98\" alt=\"\" srcset=\"https:\/\/xaviernogues.org\/wp-content\/uploads\/2019\/12\/Unknown.jpeg 335w, https:\/\/xaviernogues.org\/wp-content\/uploads\/2019\/12\/Unknown-300x88.jpeg 300w\" sizes=\"(max-width: 335px) 100vw, 335px\" \/><\/div>\n\t\t\t\t\t<\/div>\n\t\t\t\t<\/div><\/div><\/div><\/a><\/div><\/div><div class=\"vc_custom_heading_wrap\"><div class=\"heading-text el-text\" ><h3 class=\"h4\" ><span>Olot&#8217;s Art School<\/span><\/h3><div class=\"text-top-reduced\"><p>Current name of the old School of Fine Arts in Olot. the Foundation has given a tortoise to be used in engraving courses.<\/p>\n<\/div><\/div><div class=\"clear\"><\/div><\/div><\/div><\/div><\/div><\/div><\/div><div class=\"wpb_column pos-top pos-center align_center align_center_mobile column_child col-lg-3 col-md-25 single-internal-gutter\"><div class=\"uncol style-light\" ><div class=\"uncoltable\"><div class=\"uncell no-block-padding\" ><div class=\"uncont\" ><div class=\"uncode-single-media  text-center\"><div class=\"single-wrapper\" style=\"max-width: 100%;\"><a class=\"single-media-link\" href=\"http:\/\/www.dipta.cat\/eadt\/\"><div class=\"tmb tmb-light  tmb-media-first tmb-media-last tmb-content-overlay tmb-no-bg\"><div class=\"t-inside\"><div class=\"t-entry-visual\"><div class=\"t-entry-visual-tc\"><div class=\"uncode-single-media-wrapper\"><img decoding=\"async\" class=\"wp-image-123\" src=\"https:\/\/xaviernogues.org\/wp-content\/uploads\/2019\/12\/eadt.png\" width=\"300\" height=\"111\" alt=\"\"><\/div>\n\t\t\t\t\t<\/div>\n\t\t\t\t<\/div><\/div><\/div><\/a><\/div><\/div><div class=\"vc_custom_heading_wrap\"><div class=\"heading-text el-text\" ><h3 class=\"h4\" ><span>Tarragona art school<\/span><\/h3><div class=\"text-top-reduced\"><p>Current name of the old School of Arts and Crafts in Tarragona. The Foundation has given a tortoise to be used in engraving courses.<\/p>\n<\/div><\/div><div class=\"clear\"><\/div><\/div><\/div><\/div><\/div><\/div><\/div><\/div><\/div><\/div><div class=\"empty-space empty-double\" ><span class=\"empty-space-inner\"><\/span><\/div>\n<div class=\"vc_row row-internal row-container\"><div class=\"row col-double-gutter row-child\"><div class=\"wpb_row row-inner\"><div class=\"wpb_column pos-top pos-center align_center align_center_mobile column_child col-lg-3 col-md-25 single-internal-gutter\"><div class=\"uncol style-light\" ><div class=\"uncoltable\"><div class=\"uncell no-block-padding\" ><div class=\"uncont\" ><div class=\"uncode-single-media  text-center\"><div class=\"single-wrapper\" style=\"max-width: 68%;\"><a class=\"single-media-link\" href=\"http:\/\/www.eartvic.net\/escola\/html\/presentacio.html\"><div class=\"tmb tmb-light  tmb-media-first tmb-media-last tmb-content-overlay tmb-no-bg\"><div class=\"t-inside\"><div class=\"t-entry-visual\"><div class=\"t-entry-visual-tc\"><div class=\"uncode-single-media-wrapper\"><img decoding=\"async\" class=\"wp-image-124\" src=\"https:\/\/xaviernogues.org\/wp-content\/uploads\/2019\/12\/escolavic.png\" width=\"300\" height=\"117\" alt=\"\"><\/div>\n\t\t\t\t\t<\/div>\n\t\t\t\t<\/div><\/div><\/div><\/a><\/div><\/div><div class=\"vc_custom_heading_wrap\"><div class=\"heading-text el-text\" ><h3 class=\"h4\" ><span>Vic Art School<\/span><\/h3><div class=\"text-top-reduced\"><p>Current name of the old School of Arts and Crafts in Vic. The Foundation has given a tortoise to be used in engraving courses.<\/p>\n<\/div><\/div><div class=\"clear\"><\/div><\/div><\/div><\/div><\/div><\/div><\/div><div class=\"wpb_column pos-top pos-center align_left align_center_mobile column_child col-lg-3 col-md-25 single-internal-gutter\"><div class=\"uncol style-light\" ><div class=\"uncoltable\"><div class=\"uncell no-block-padding\" ><div class=\"uncont\" ><\/div><\/div><\/div><\/div><\/div><div class=\"wpb_column pos-top pos-center align_left align_center_mobile column_child col-lg-3 col-md-25 single-internal-gutter\"><div class=\"uncol style-light\" ><div class=\"uncoltable\"><div class=\"uncell no-block-padding\" ><div class=\"uncont\" ><\/div><\/div><\/div><\/div><\/div><div class=\"wpb_column pos-top pos-center align_left align_center_mobile column_child col-lg-3 col-md-25 single-internal-gutter\"><div class=\"uncol style-light\" ><div class=\"uncoltable\"><div class=\"uncell no-block-padding\" ><div class=\"uncont\" ><\/div><\/div><\/div><\/div><\/div><\/div><\/div><\/div><div class=\"empty-space empty-single\" ><span class=\"empty-space-inner\"><\/span><\/div>\n<\/div><\/div><\/div><\/div><\/div><script id=\"script-row-unique-2\" data-row=\"script-row-unique-2\" type=\"text\/javascript\" class=\"vc_controls\">UNCODE.initRow(document.getElementById(\"row-unique-2\"));<\/script><\/div><\/div><\/div>\n<\/div>","protected":false},"excerpt":{"rendered":"PartenrshipsThe Xavier Nogu\u00e9s Foundation collaborates with various institutions in sponsoring courses and activities Municipal School of Art and Design of [...]","protected":false},"author":1,"featured_media":0,"parent":0,"menu_order":0,"comment_status":"closed","ping_status":"closed","template":"","meta":{"footnotes":""},"class_list":["post-550","page","type-page","status-publish","hentry"],"_links":{"self":[{"href":"https:\/\/xaviernogues.org\/en\/wp-json\/wp\/v2\/pages\/550","targetHints":{"allow":["GET"]}}],"collection":[{"href":"https:\/\/xaviernogues.org\/en\/wp-json\/wp\/v2\/pages"}],"about":[{"href":"https:\/\/xaviernogues.org\/en\/wp-json\/wp\/v2\/types\/page"}],"author":[{"embeddable":true,"href":"https:\/\/xaviernogues.org\/en\/wp-json\/wp\/v2\/users\/1"}],"replies":[{"embeddable":true,"href":"https:\/\/xaviernogues.org\/en\/wp-json\/wp\/v2\/comments?post=550"}],"version-history":[{"count":1,"href":"https:\/\/xaviernogues.org\/en\/wp-json\/wp\/v2\/pages\/550\/revisions"}],"predecessor-version":[{"id":551,"href":"https:\/\/xaviernogues.org\/en\/wp-json\/wp\/v2\/pages\/550\/revisions\/551"}],"wp:attachment":[{"href":"https:\/\/xaviernogues.org\/en\/wp-json\/wp\/v2\/media?parent=550"}],"curies":[{"name":"wp","href":"https:\/\/api.w.org\/{rel}","templated":true}]}}