{"id":35,"date":"2019-12-13T16:30:35","date_gmt":"2019-12-13T16:30:35","guid":{"rendered":"https:\/\/xaviernogues.org\/?page_id=35"},"modified":"2025-03-13T10:53:13","modified_gmt":"2025-03-13T10:53:13","slug":"home","status":"publish","type":"page","link":"https:\/\/xaviernogues.org\/en\/","title":{"rendered":"Home Cat"},"content":{"rendered":"<div class=\"wpb-content-wrapper\"><div data-parent=\"true\" class=\"vc_row sticky-element has-bg need-focus style-color-wayh-bg row-container\" id=\"row-unique-0\"><div class=\"row no-top-padding no-bottom-padding no-h-padding full-width row-slider row-parent\" data-height-ratio=\"full\"><div class=\"owl-carousel-wrapper style-light\"><div class=\"uncode-slider owl-carousel-container owl-dots-inside owl-dots-align-center\"><div id=\"uslider_1988083831\" class=\"owl-carousel owl-element owl-dots-inside owl-height-forced\" data-fade=\"true\" data-loop=\"true\" data-autoheight=\"false\" data-nav=\"true\" data-dotsmobile=\"true\" data-dots=\"true\" data-navspeed=\"400\" data-autoplay=\"true\" data-timeout=\"3000\" data-lg=\"1\" data-md=\"1\" data-sm=\"1\" data-limit-width=\"false\"><div class=\"vc_row style-color-wvjs-bg row-internal row-container with-parallax\"><div class=\"row-background background-element\">\n\t\t\t\t\t\t\t\t\t\t\t<div class=\"background-wrapper\">\n\t\t\t\t\t\t\t\t\t\t\t\t<div class=\"background-inner\" style=\"background-image: url(https:\/\/xaviernogues.org\/wp-content\/uploads\/2019\/12\/xavier_nogues_autoretrat.jpg);background-repeat: no-repeat;background-position: center center;background-size: cover;\"><\/div>\n\t\t\t\t\t\t\t\t\t\t\t\t<div class=\"block-bg-overlay style-color-wvjs-bg\" style=\"opacity: 0.44;\"><\/div>\n\t\t\t\t\t\t\t\t\t\t\t<\/div>\n\t\t\t\t\t\t\t\t\t\t<\/div><div class=\"row single-top-padding single-bottom-padding single-h-padding row-child\"><div class=\"wpb_row row-inner\"><div class=\"wpb_column pos-middle pos-center align_center column_child col-lg-12 single-internal-gutter\"><div class=\"uncol style-spec style-dark\" ><div class=\"uncoltable\"><div class=\"uncell no-block-padding\" ><div class=\"uncont\" ><div class=\"vc_custom_heading_wrap\"><div class=\"heading-text el-text bottom-t-top animate_when_almost_visible\" data-delay=\"400\"><h2 class=\"h1\" ><span>Xavier Nogu\u00e9s, l&#8217;home i l&#8217;artista<\/span><\/h2><\/div><div class=\"clear\"><\/div><\/div><div class=\"uncode_text_column text-lead bottom-t-top animate_when_almost_visible\" data-delay=\"600\"><p>One of the most interesting and representative personalities of Catalan Noucentisme<\/p>\n<\/div><span class=\"btn-container animate_when_almost_visible bottom-t-top\" data-delay=\"800\"><a role=\"button\"  href=\"http:\/\/xaviernogues.org\/en\/lhome-i-lartista\/\" class=\"custom-link btn border-width-0 btn-default btn-icon-left\" title=\"THE MAN AND THE ARTIST\">LEARN MORE<\/a><\/span><\/div><\/div><\/div><\/div><\/div><\/div><\/div><\/div><div class=\"vc_row style-color-wayh-bg row-internal row-container with-parallax\"><div class=\"row-background background-element\">\n\t\t\t\t\t\t\t\t\t\t\t<div class=\"background-wrapper\">\n\t\t\t\t\t\t\t\t\t\t\t\t<div class=\"background-inner\" style=\"background-image: url(https:\/\/xaviernogues.org\/wp-content\/uploads\/2020\/04\/pintura_xaviernogues_2.jpg);background-repeat: no-repeat;background-position: center center;background-size: cover;\"><\/div>\n\t\t\t\t\t\t\t\t\t\t\t\t<div class=\"block-bg-overlay style-color-wayh-bg\" style=\"opacity: 0.31;\"><\/div>\n\t\t\t\t\t\t\t\t\t\t\t<\/div>\n\t\t\t\t\t\t\t\t\t\t<\/div><div class=\"row single-top-padding single-bottom-padding single-h-padding row-child\"><div class=\"wpb_row row-inner\"><div class=\"wpb_column pos-middle pos-center align_center column_child col-lg-12 single-internal-gutter\"><div class=\"uncol style-spec style-dark\" ><div class=\"uncoltable\"><div class=\"uncell no-block-padding\" ><div class=\"uncont\" ><div class=\"vc_custom_heading_wrap\"><div class=\"heading-text el-text bottom-t-top animate_when_almost_visible\" data-delay=\"400\"><h2 class=\"h1\" ><span>Xavier Nogu\u00e9s Artworks<\/span><\/h2><\/div><div class=\"clear\"><\/div><\/div><div class=\"uncode_text_column text-lead bottom-t-top animate_when_almost_visible\" data-delay=\"600\"><p>Landscapes, portraits and everyday scenes<\/p>\n<\/div><span class=\"btn-container animate_when_almost_visible bottom-t-top\" data-delay=\"800\"><a role=\"button\"  href=\"http:\/\/art.xaviernogues.org\/en\" class=\"custom-link btn border-width-0 btn-color-wvjs btn-icon-left\" title=\"ARTWORKS\">LEARN MORE<\/a><\/span><\/div><\/div><\/div><\/div><\/div><\/div><\/div><\/div><\/div><div class=\"uncode_slider-dot_classes single-h-padding owl-dots-classes\"><\/div><\/div><\/div><script id=\"script-row-unique-0\" data-row=\"script-row-unique-0\" type=\"text\/javascript\" class=\"vc_controls\">UNCODE.initRow(document.getElementById(\"row-unique-0\"));<\/script><\/div><\/div><div data-parent=\"true\" class=\"vc_row row-container\" id=\"row-unique-1\"><div class=\"row limit-width row-parent\"><div class=\"wpb_row row-inner\"><div class=\"wpb_column pos-top pos-center align_left column_parent col-lg-12 single-internal-gutter\"><div class=\"uncol style-light\"  ><div class=\"uncoltable\"><div class=\"uncell no-block-padding\" ><div class=\"uncont\" ><div class=\"vc_custom_heading_wrap\"><div class=\"heading-text el-text\" ><h2 class=\"h2\" ><span><\/p><\/span><span><h1 id=\"brxe-kcvxfc\" class=\"brxe-heading\">Xavier Nogu\u00e9s: Art, Pintura, Escultura i Gravat del Noucentisme<\/h1><\/span><span><p><\/span><\/h2><\/div><div class=\"clear\"><\/div><\/div><\/div><\/div><\/div><\/div><\/div><script id=\"script-row-unique-1\" data-row=\"script-row-unique-1\" type=\"text\/javascript\" class=\"vc_controls\">UNCODE.initRow(document.getElementById(\"row-unique-1\"));<\/script><\/div><\/div><\/div>\n<\/div>","protected":false},"excerpt":{"rendered":"Xavier Nogu\u00e9s, l'home i l'artistaUn dels personatges m\u00e9s interessants i representatius del Noucentisme catal\u00e0 DESCOBREIX-LO Obra de Xavier Nogu\u00e9sPaisatges, retrats [...]","protected":false},"author":1,"featured_media":0,"parent":0,"menu_order":0,"comment_status":"closed","ping_status":"closed","template":"","meta":{"footnotes":""},"class_list":["post-35","page","type-page","status-publish","hentry"],"_links":{"self":[{"href":"https:\/\/xaviernogues.org\/en\/wp-json\/wp\/v2\/pages\/35","targetHints":{"allow":["GET"]}}],"collection":[{"href":"https:\/\/xaviernogues.org\/en\/wp-json\/wp\/v2\/pages"}],"about":[{"href":"https:\/\/xaviernogues.org\/en\/wp-json\/wp\/v2\/types\/page"}],"author":[{"embeddable":true,"href":"https:\/\/xaviernogues.org\/en\/wp-json\/wp\/v2\/users\/1"}],"replies":[{"embeddable":true,"href":"https:\/\/xaviernogues.org\/en\/wp-json\/wp\/v2\/comments?post=35"}],"version-history":[{"count":3,"href":"https:\/\/xaviernogues.org\/en\/wp-json\/wp\/v2\/pages\/35\/revisions"}],"predecessor-version":[{"id":1033,"href":"https:\/\/xaviernogues.org\/en\/wp-json\/wp\/v2\/pages\/35\/revisions\/1033"}],"wp:attachment":[{"href":"https:\/\/xaviernogues.org\/en\/wp-json\/wp\/v2\/media?parent=35"}],"curies":[{"name":"wp","href":"https:\/\/api.w.org\/{rel}","templated":true}]}}