{"id":112,"date":"2019-12-17T13:12:42","date_gmt":"2019-12-17T13:12:42","guid":{"rendered":"https:\/\/xaviernogues.org\/?page_id=112"},"modified":"2024-01-02T07:55:15","modified_gmt":"2024-01-02T07:55:15","slug":"avis-legal","status":"publish","type":"page","link":"https:\/\/xaviernogues.org\/en\/avis-legal","title":{"rendered":"Legal Notice"},"content":{"rendered":"<div class=\"wpb-content-wrapper\"><div data-parent=\"true\" class=\"vc_row row-container\" id=\"row-unique-0\"><div class=\"row quad-top-padding double-bottom-padding single-h-padding limit-width row-parent\"><div class=\"wpb_row row-inner\"><div class=\"wpb_column pos-top pos-center align_left column_parent col-lg-12 single-internal-gutter\"><div class=\"uncol style-light\"  ><div class=\"uncoltable\"><div class=\"uncell\" ><div class=\"uncont no-block-padding col-custom-width\" style=\" max-width:804px;\" ><div class=\"vc_custom_heading_wrap\"><div class=\"heading-text el-text\" ><h2 class=\"h2\" ><span>Legal Notice<\/span><\/h2><\/div><div class=\"clear\"><\/div><\/div><div class=\"uncode_text_column\" ><p>En compliment de l&#8217;article 10 de la Llei 34\/2002, d\u201911 de juliol, de Serveis de la Societat de la Informaci\u00f3 i Comer\u00e7 Electr\u00f2nic (LSSICE) s\u2019exposen a continuaci\u00f3 les\u00a0dades identificatives de l\u2019organitzaci\u00f3.<\/p>\n<p class=\"translation-block\">Name: Fundaci\u00f3 Xavier Nogu\u00e9s <br>\n\nTax ID #: ESG08264939<br>\n\nAddress: Passeig d\u2019Isabel II, 1, 2nd (Casa Llotja) - \n08003 Barcelona (European Union)<br>\n\nEmail: xaviernoguesfundacio@gmail.com<br>\n\nWebsite: www.xaviernogues.org<br>\n\nDate of establishment of the Foundation: 01\/01\/1969<br>\n\nProtectorate: Generalitat de Catalunya<br>\n\nRecord #: 156<br>\n\nDate of registration: 25\/04\/1985<br><\/p>\n<p class=\"translation-block\">This website has been created by the Xavier Nogu\u00e9s Foundation for informational purposes and for the personal use of users.<br>\nThrough this legal notice, it is intended to regulate the access and use of this website as well as the relationship between it and its users.\nBy accessing this website, you accept tbrhe following terms and conditions:<\/p>\n<ol>\n<li>Access to this website is the sole responsibility of the users.<\/li>\n<li>Simple access to this website does not mean starting any type of commercial relationship between xaviernogu\u00e9s.org and the user.<\/li>\n<li>Accessing and browsing this website means accepting and knowing the legal warnings, conditions and terms of use contained in this website.<\/li>\n<li>The owner of the website can offer services and products that may be subject to their own particular conditions that, depending on the case, replace, complete and\/or modify the present conditions, and about which the user will be informed in each specific case.<\/li>\n<\/ol>\n<p>\n<\/div><\/div><\/div><\/div><\/div><\/div><script id=\"script-row-unique-0\" data-row=\"script-row-unique-0\" type=\"text\/javascript\" class=\"vc_controls\">UNCODE.initRow(document.getElementById(\"row-unique-0\"));<\/script><\/div><\/div><\/div>\n<\/div>","protected":false},"excerpt":{"rendered":"Av\u00eds LegalEn compliment de l&#8217;article 10 de la Llei 34\/2002, d\u201911 de juliol, de Serveis de la Societat de la [...]","protected":false},"author":1,"featured_media":0,"parent":0,"menu_order":0,"comment_status":"closed","ping_status":"closed","template":"","meta":{"footnotes":""},"class_list":["post-112","page","type-page","status-publish","hentry"],"_links":{"self":[{"href":"https:\/\/xaviernogues.org\/en\/wp-json\/wp\/v2\/pages\/112","targetHints":{"allow":["GET"]}}],"collection":[{"href":"https:\/\/xaviernogues.org\/en\/wp-json\/wp\/v2\/pages"}],"about":[{"href":"https:\/\/xaviernogues.org\/en\/wp-json\/wp\/v2\/types\/page"}],"author":[{"embeddable":true,"href":"https:\/\/xaviernogues.org\/en\/wp-json\/wp\/v2\/users\/1"}],"replies":[{"embeddable":true,"href":"https:\/\/xaviernogues.org\/en\/wp-json\/wp\/v2\/comments?post=112"}],"version-history":[{"count":3,"href":"https:\/\/xaviernogues.org\/en\/wp-json\/wp\/v2\/pages\/112\/revisions"}],"predecessor-version":[{"id":990,"href":"https:\/\/xaviernogues.org\/en\/wp-json\/wp\/v2\/pages\/112\/revisions\/990"}],"wp:attachment":[{"href":"https:\/\/xaviernogues.org\/en\/wp-json\/wp\/v2\/media?parent=112"}],"curies":[{"name":"wp","href":"https:\/\/api.w.org\/{rel}","templated":true}]}}